{"id":3354,"date":"2022-07-22T17:43:07","date_gmt":"2022-07-22T17:43:07","guid":{"rendered":"https:\/\/demo2.loces.dev\/?page_id=3354"},"modified":"2022-10-20T16:27:34","modified_gmt":"2022-10-20T16:27:34","slug":"vehiculos-usados","status":"publish","type":"page","link":"https:\/\/cqweb.loces.dev\/ni\/vehiculos-usados\/","title":{"rendered":"Veh\u00edculos Usados"},"content":{"rendered":"\n\n\t<section class=\"section has-scroll-for-more\" id=\"section_386283228\">\n\t\t<div class=\"section-bg fill\" >\n\t\t\t<img loading=\"lazy\" decoding=\"async\" width=\"1920\" height=\"1080\" src=\"https:\/\/cqweb.loces.dev\/ni\/wp-content\/uploads\/sites\/5\/2022\/07\/wer.jpg\" class=\"bg attachment- size-\" alt=\"\" \/>\t\t\t\t\t\t<div class=\"section-bg-overlay absolute fill\"><\/div><button class=\"scroll-for-more z-5 icon absolute bottom h-center\" aria-label=\"Despl\u00e1cese para m\u00e1s\"><i class=\"icon-angle-down\" aria-hidden=\"true\" style=\"font-size:42px;\"><\/i><\/button>\n\t\t\t\n\n\t\t<\/div>\n\n\t\t\n\n\t\t<div class=\"section-content relative\">\n\t\t\t\n\n\t<div id=\"gap-1659827690\" class=\"gap-element clearfix\" style=\"display:block; height:auto;\">\n\t\t\n<style>\n#gap-1659827690 {\n  padding-top: 30px;\n}\n<\/style>\n\t<\/div>\n\t\n\n<div class=\"row align-center\"  id=\"row-284617380\">\n\n\n\t<div id=\"col-974881393\" class=\"col medium-7 small-12 large-9\"  >\n\t\t\t\t<div class=\"col-inner text-center\"  >\n\t\t\t\n\t\t\t\n\n\t<div id=\"text-3604064001\" class=\"text\">\n\t\t\n\n<h1>Veh\u00edculos Usados<\/h1>\n\t\t\n<style>\n#text-3604064001 {\n  font-size: 1.55rem;\n  color: #1769b7;\n}\n#text-3604064001 > * {\n  color: #1769b7;\n}\n<\/style>\n\t<\/div>\n\t\n\t<div id=\"text-3204058078\" class=\"text\">\n\t\t\n\n<h2><span style=\"font-size: 100%\"><strong>Con el respaldo y confiabilidad de CrediQ<\/strong><\/span><\/h2>\n<p><span style=\"font-size: 120%\">CrediQ te brinda la mejor opci\u00f3n de cr\u00e9dito del mercado para que adquieras el veh\u00edculo usado de tu preferencia, te brindamos flexibilidad en planes de pago hechos a la medida y agilidad en la aprobaci\u00f3n.<\/span><\/p>\n\t\t\n<style>\n#text-3204058078 {\n  font-size: 1.05rem;\n  color: rgb(92, 92, 92);\n}\n#text-3204058078 > * {\n  color: rgb(92, 92, 92);\n}\n<\/style>\n\t<\/div>\n\t\n\n\t\t<\/div>\n\t\t\t\t\t<\/div>\n\n\t\n\n<\/div>\n\n\t\t<\/div>\n\n\t\t\n<style>\n#section_386283228 {\n  padding-top: 43px;\n  padding-bottom: 43px;\n  background-color: rgb(255,255,255);\n}\n#section_386283228 .section-bg-overlay {\n  background-color: rgba(255, 255, 255, 0.791);\n}\n#section_386283228 .section-bg img {\n  object-position: 30% 44%;\n}\n<\/style>\n\t<\/section>\n\t\n\n\t<section class=\"section\" id=\"section_2138034102\">\n\t\t<div class=\"section-bg fill\" >\n\t\t\t\t\t\t\t\t\t\n\t\t\t\n\n\t\t<\/div>\n\n\t\t\n\n\t\t<div class=\"section-content relative\">\n\t\t\t\n\n\t<div id=\"gap-1583925147\" class=\"gap-element clearfix\" style=\"display:block; height:auto;\">\n\t\t\n<style>\n#gap-1583925147 {\n  padding-top: 52px;\n}\n<\/style>\n\t<\/div>\n\t\n\n<div class=\"row align-center\"  id=\"row-199775765\">\n\n\n\t<div id=\"col-1925428445\" class=\"col medium-9 small-12 large-9\"  >\n\t\t\t\t<div class=\"col-inner text-center\"  >\n\t\t\t\n\t\t\t\n\n\t<div id=\"text-2614637474\" class=\"text\">\n\t\t\n\n<h2><strong>Cr\u00e9dito Vehicular &#8211; Veh\u00edculos Usados<\/strong><\/h2>\n\t\t\n<style>\n#text-2614637474 {\n  font-size: 1.05rem;\n  color: #1769b7;\n}\n#text-2614637474 > * {\n  color: #1769b7;\n}\n<\/style>\n\t<\/div>\n\t\n\t<div id=\"text-920322178\" class=\"text\">\n\t\t\n\n<p>CrediQ le brinda una excelente opci\u00f3n de cr\u00e9dito para que adquiera veh\u00edculos usados de GrupoQ, ya que contamos con flexibilidad en planes de pago hechos a la medida de cada uno de nuestros clientes y agilidad en la aprobaci\u00f3n.<\/p>\n\t\t\n<style>\n#text-920322178 {\n  font-size: 1.05rem;\n}\n<\/style>\n\t<\/div>\n\t\n\n\t\t<\/div>\n\t\t\t\t\t<\/div>\n\n\t\n\n<\/div>\n<div class=\"row\"  id=\"row-1622518390\">\n\n\n\t<div id=\"col-1916249481\" class=\"col medium-6 small-12 large-6\"  >\n\t\t\t\t<div class=\"col-inner\"  >\n\t\t\t\n\t\t\t\n\n\t<div id=\"text-883670883\" class=\"text\">\n\t\t\n\n<h3><span data-text-color=\"primary\">Beneficios<\/span><\/h3>\n<ul>\n<li>Aprobaci\u00f3n en menos 24 horas.<\/li>\n<li>Cr\u00e9dito \u00e1gil en el an\u00e1lisis con documentaci\u00f3n m\u00ednima.<\/li>\n<li>Primas flexibles.<\/li>\n<li>Plazos hasta 96 meses.<\/li>\n<li>Atenci\u00f3n personalizada.<\/li>\n<li>Seguro del veh\u00edculo incluido.<\/li>\n<\/ul>\n\t\t\n<style>\n#text-883670883 {\n  font-size: 1.05rem;\n}\n<\/style>\n\t<\/div>\n\t\n\n\t\t<\/div>\n\t\t\t\t\t<\/div>\n\n\t\n\n\t<div id=\"col-1657204428\" class=\"col medium-6 small-12 large-6\"  >\n\t\t\t\t<div class=\"col-inner dark\" style=\"background-color:rgb(208, 23, 26);\" >\n\t\t\t\n\t\t\t\n\n\t<div id=\"text-2225973025\" class=\"text\">\n\t\t\n\n<h3>Beneficios solo con CrediQ<\/h3>\n<ul>\n<li>Facilidad de cambios en fechas de pago.<\/li>\n<li>No hay penalidad por pagos extraordinarios o cancelaciones anticipadas.<\/li>\n<li>Servicio personalizado.<\/li>\n<li>Financiamiento de gastos.<\/li>\n<\/ul>\n\t\t\n<style>\n#text-2225973025 {\n  font-size: 1.05rem;\n}\n<\/style>\n\t<\/div>\n\t\n\n\t\t<\/div>\n\t\t\t\t\n<style>\n#col-1657204428 > .col-inner {\n  padding: 30px 20px 20px 46px;\n  border-radius: 45px;\n}\n<\/style>\n\t<\/div>\n\n\t\n\n<\/div>\n<div class=\"row\"  id=\"row-303892488\">\n\n\n\t<div id=\"col-749978348\" class=\"col medium-6 small-12 large-6\"  >\n\t\t\t\t<div class=\"col-inner\"  >\n\t\t\t\n\t\t\t\n\n\t<div id=\"text-2864692276\" class=\"text\">\n\t\t\n\n<h3><span data-text-color=\"primary\">Requisitos Particulares<\/span><\/h3>\n<p>Persona natural (Asalariados Comerciantes \/ Profesionales Independientes).<\/p>\n\t\t\n<style>\n#text-2864692276 {\n  font-size: 1.05rem;\n}\n<\/style>\n\t<\/div>\n\t\n<div class=\"accordion\">\n\n\t<div id=\"accordion-2566677008\" class=\"accordion-item\">\n\t\t<a id=\"accordion-2566677008-label\" class=\"accordion-title plain\" href=\"#accordion-item-persona-natural\" aria-expanded=\"false\" aria-controls=\"accordion-2566677008-content\">\n\t\t\t<button class=\"toggle\" aria-label=\"Toggle\"><i class=\"icon-angle-down\" aria-hidden=\"true\"><\/i><\/button>\n\t\t\t<span>Persona Natural<\/span>\n\t\t<\/a>\n\t\t<div id=\"accordion-2566677008-content\" class=\"accordion-inner\" aria-labelledby=\"accordion-2566677008-label\">\n\t\t\t\n\n<ul>\n<li>Solicitud de Cr\u00e9dito completamente llena.<\/li>\n<li>Fotocopia de C\u00e9dula de Identidad.<\/li>\n<li>Constancia Salarial original, firmada y sellada por RRHH.<\/li>\n<li>Fotocopia de Colilla del INSS y\/o Comprobante de Pago.<\/li>\n<li>Recibo de Agua, Luz o Tel\u00e9fono.<\/li>\n<li>2 Referencias Comerciales, Bancarias y\/o Personales.<\/li>\n<li>Fiador Solidario (Presentar los mismos requisitos).<\/li>\n<\/ul>\n\n\t\t<\/div>\n\t<\/div>\n\t\n\t<div id=\"accordion-2696199171\" class=\"accordion-item\">\n\t\t<a id=\"accordion-2696199171-label\" class=\"accordion-title plain\" href=\"#accordion-item-comerciantes-\/-profesionales-independientes\" aria-expanded=\"false\" aria-controls=\"accordion-2696199171-content\">\n\t\t\t<button class=\"toggle\" aria-label=\"Toggle\"><i class=\"icon-angle-down\" aria-hidden=\"true\"><\/i><\/button>\n\t\t\t<span>Comerciantes \/ Profesionales Independientes<\/span>\n\t\t<\/a>\n\t\t<div id=\"accordion-2696199171-content\" class=\"accordion-inner\" aria-labelledby=\"accordion-2696199171-label\">\n\t\t\t\n\n<ul>\n<li>Constancia de Ingresos por CPA.<\/li>\n<li>Estado de Cuenta Bancaria de los \u00faltimos 6 meses.<\/li>\n<li>Fiador.<\/li>\n<li>Presentar ingresos requisito.<\/li>\n<\/ul>\n\n\t\t<\/div>\n\t<\/div>\n\t\n\n<\/div>\n\n\t\t<\/div>\n\t\t\t\t\t<\/div>\n\n\t\n\n\t<div id=\"col-72624985\" class=\"col medium-6 small-12 large-6\"  >\n\t\t\t\t<div class=\"col-inner\"  >\n\t\t\t\n\t\t\t\n\n\t<div id=\"text-3575558617\" class=\"text\">\n\t\t\n\n<h3><span data-text-color=\"primary\">Requisitos Empresas<\/span><\/h3>\n<p>Persona Jur\u00eddica<\/p>\n\t\t\n<style>\n#text-3575558617 {\n  font-size: 1.05rem;\n}\n<\/style>\n\t<\/div>\n\t\n<div class=\"accordion\">\n\n\t<div id=\"accordion-3403036087\" class=\"accordion-item\">\n\t\t<a id=\"accordion-3403036087-label\" class=\"accordion-title plain\" href=\"#accordion-item-persona-jur\u00eddica\" aria-expanded=\"false\" aria-controls=\"accordion-3403036087-content\">\n\t\t\t<button class=\"toggle\" aria-label=\"Toggle\"><i class=\"icon-angle-down\" aria-hidden=\"true\"><\/i><\/button>\n\t\t\t<span>Persona Jur\u00eddica<\/span>\n\t\t<\/a>\n\t\t<div id=\"accordion-3403036087-content\" class=\"accordion-inner\" aria-labelledby=\"accordion-3403036087-label\">\n\t\t\t\n\n<ul>\n<li>Solicitud de Cr\u00e9dito completamente llena.<\/li>\n<li>Fotocopia de RUC.<\/li>\n<li>Fotocopia de Matricula de la Alcald\u00eda, Registro DGI.<\/li>\n<li>Fotocopia Escritura de Constituci\u00f3n de la Empresa, debidamente inscrita.<\/li>\n<li>Fotocopia poder del Representante Legal debidamente inscrito.<\/li>\n<li>Certificaci\u00f3n de Junta Directiva ratificando la compra y financiamiento del veh\u00edculo.<\/li>\n<li>\u00daltimas 2 Declaraciones de IR Anual.<\/li>\n<li>Estados de Cuentas Bancarias de los \u00faltimos 3 meses.<\/li>\n<li>Estados Financieros ( 2 \u00faltimos per\u00edodos fiscales, sellados y firmados por el CPA ).<\/li>\n<\/ul>\n<p>Fiador Solidario: Representante Legal<\/p>\n<ul>\n<li>Constancia Salarial original debidamente firmada y sellada por RRHH.<\/li>\n<li>Fotocopia de C\u00e9dula de Identidad.<\/li>\n<li>Fotocopia Colilla del INSS y\/o Comprobante de Pago.<\/li>\n<li>Recibo de Agua, Luz y Tel\u00e9fono.<\/li>\n<li>Referencias Comerciales, Personales y\/o Bancarias.<\/li>\n<\/ul>\n\n\t\t<\/div>\n\t<\/div>\n\t\n\n<\/div>\n\t<div id=\"gap-417377695\" class=\"gap-element clearfix\" style=\"display:block; height:auto;\">\n\t\t\n<style>\n#gap-417377695 {\n  padding-top: 20px;\n}\n<\/style>\n\t<\/div>\n\t\n\n<a href=\"https:\/\/demo2.loces.dev\/ni\/contactanos\/\" class=\"button secondary hidden\" style=\"border-radius:99px;\">\n\t\t<span>solicita tu cr\u00e9dito<\/span>\n\t<i class=\"icon-angle-down\" aria-hidden=\"true\"><\/i><\/a>\n\n\n<a href=\"https:\/\/digital.crediq.com\/calcula-tu-credito\/\" class=\"button primary\" style=\"border-radius:99px;\">\n\t\t<span>calcula tu cr\u00e9dito<\/span>\n\t<i class=\"icon-angle-right\" aria-hidden=\"true\"><\/i><\/a>\n\n\n\n\t\t<\/div>\n\t\t\t\t\t<\/div>\n\n\t\n\n<\/div>\n\n\t\t<\/div>\n\n\t\t\n<style>\n#section_2138034102 {\n  padding-top: 0px;\n  padding-bottom: 0px;\n}\n<\/style>\n\t<\/section>\n\t\n\n  <div class=\"banner has-hover\" id=\"banner-296486750\">\n          <div class=\"banner-inner fill\">\n        <div class=\"banner-bg fill\" >\n            <img loading=\"lazy\" decoding=\"async\" width=\"1920\" height=\"1080\" src=\"https:\/\/cqweb.loces.dev\/ni\/wp-content\/uploads\/sites\/5\/2022\/07\/8888.jpg\" class=\"bg attachment-original size-original\" alt=\"\" \/>                        <div class=\"overlay\"><\/div>            \n                    <\/div>\n\t\t\n        <div class=\"banner-layers container\">\n            <div class=\"fill banner-link\"><\/div>            \n\n   <div id=\"text-box-584248550\" class=\"text-box banner-layer x50 md-x50 lg-x50 y50 md-y50 lg-y50 res-text\">\n                                <div class=\"text-box-content text \">\n              \n              <div class=\"text-inner text-center\">\n                  \n\n<h2><span data-text-color=\"primary\"><strong>Cotizador<\/strong><\/span><\/h2>\n<h3>Calcula la cuota de tu pr\u00f3ximo veh\u00edculo usado<\/h3>\n<p>Cotiza el c\u00e1lculo de la cuota de financiamiento de tu pr\u00f3ximo veh\u00edculo. Personaliza y descarga un plan de pagos acorde a tu capacidad de pago.<\/p>\n<a href=\"https:\/\/digital.crediq.com\/calcula-tu-credito\/\" class=\"button secondary\" style=\"border-radius:94px;\">\n\t\t<span>cotizar ahora<\/span>\n\t<\/a>\n\n\n\n              <\/div>\n           <\/div>\n                            \n<style>\n#text-box-584248550 {\n  width: 88%;\n}\n#text-box-584248550 .text-box-content {\n  font-size: 129%;\n}\n@media (min-width:550px) {\n  #text-box-584248550 {\n    width: 68%;\n  }\n  #text-box-584248550 .text-box-content {\n    font-size: 100%;\n  }\n}\n<\/style>\n    <\/div>\n \n\n        <\/div>\n      <\/div>\n\n            \n<style>\n#banner-296486750 {\n  padding-top: 369px;\n  background-color: rgb(255, 255, 255);\n}\n#banner-296486750 .overlay {\n  background-color: rgba(255, 255, 255, 0.808);\n}\n<\/style>\n  <\/div>\n\n\n\n\n\t<section class=\"section\" id=\"section_523162955\">\n\t\t<div class=\"section-bg fill\" >\n\t\t\t\t\t\t\t\t\t\n\t\t\t\n\n\t\t<\/div>\n\n\t\t\n\n\t\t<div class=\"section-content relative\">\n\t\t\t\n\n<div class=\"row align-center\"  id=\"row-1848551643\">\n\n\n\t<div id=\"col-1449120898\" class=\"col medium-11 small-12 large-11\"  >\n\t\t\t\t<div class=\"col-inner\"  >\n\t\t\t\n\t\t\t\n\n\t<div id=\"gap-1384533401\" class=\"gap-element clearfix\" style=\"display:block; height:auto;\">\n\t\t\n<style>\n#gap-1384533401 {\n  padding-top: 28px;\n}\n@media (min-width:550px) {\n  #gap-1384533401 {\n    padding-top: 50px;\n  }\n}\n<\/style>\n\t<\/div>\n\t\n\n\t<div id=\"text-624576784\" class=\"text\">\n\t\t\n\n<h2><span data-text-color=\"primary\"><strong>Cont\u00e1ctanos<\/strong><\/span><\/h2>\n<p class=\"p1\">Solicita informaci\u00f3n de nuestros puntos de contacto, lugares y medios de recepci\u00f3n de pagos, as\u00ed como informaci\u00f3n de tu seguro y otras consultas generales.<\/p>\n\t\t\n<style>\n#text-624576784 {\n  font-size: 1.05rem;\n  text-align: center;\n}\n@media (min-width:550px) {\n  #text-624576784 {\n    font-size: 1.05rem;\n  }\n}\n<\/style>\n\t<\/div>\n\t\n<div class=\"row align-equal\"  id=\"row-367606509\">\n\n\n\t<div id=\"col-1440994026\" class=\"col medium-6 small-12 large-6\"  >\n\t\t\t\t<div class=\"col-inner text-center\"  >\n\t\t\t\n\t\t\t\n\n\n\t\t<div class=\"icon-box featured-box icon-box-center text-center\"  >\n\t\t\t\t\t<div class=\"icon-box-img\" style=\"width: 60px\">\n\t\t\t\t<div class=\"icon\">\n\t\t\t\t\t<div class=\"icon-inner\" style=\"color:rgb(24, 106, 184);\">\n\t\t\t\t\t\t<img loading=\"lazy\" decoding=\"async\" width=\"300\" height=\"300\" src=\"https:\/\/cqweb.loces.dev\/ni\/wp-content\/uploads\/sites\/5\/2022\/09\/WhatsApp-300x300.png\" class=\"attachment-medium size-medium\" alt=\"\" srcset=\"https:\/\/cqweb.loces.dev\/ni\/wp-content\/uploads\/sites\/5\/2022\/09\/WhatsApp-300x300.png 300w, https:\/\/cqweb.loces.dev\/ni\/wp-content\/uploads\/sites\/5\/2022\/09\/WhatsApp-1024x1024.png 1024w, https:\/\/cqweb.loces.dev\/ni\/wp-content\/uploads\/sites\/5\/2022\/09\/WhatsApp-150x150.png 150w, https:\/\/cqweb.loces.dev\/ni\/wp-content\/uploads\/sites\/5\/2022\/09\/WhatsApp-768x768.png 768w, https:\/\/cqweb.loces.dev\/ni\/wp-content\/uploads\/sites\/5\/2022\/09\/WhatsApp.png 1500w\" sizes=\"auto, (max-width: 300px) 100vw, 300px\" \/>\t\t\t\t\t<\/div>\n\t\t\t\t<\/div>\n\t\t\t<\/div>\n\t\t\t\t<div class=\"icon-box-text last-reset\">\n\t\t\t\t\t\t\t\t\t\n\n<h4>WhatsApp<\/h4>\n<p>Realiza tus consultas o solicita ayuda con asesor de servicio al cliente por medio de nuestro WhatsApp.<\/p>\n\t<div id=\"gap-7903007\" class=\"gap-element clearfix\" style=\"display:block; height:auto;\">\n\t\t\n<style>\n#gap-7903007 {\n  padding-top: 20px;\n}\n<\/style>\n\t<\/div>\n\t\n\n<a href=\"https:\/\/api.whatsapp.com\/send?phone=50558722515&#038;text=Asistente%20Virtual%20CrediQ\" class=\"button secondary\" style=\"border-radius:99px;\">\n\t<i class=\"icon-phone\" aria-hidden=\"true\"><\/i>\t<span>5872 2515<\/span>\n\t<\/a>\n\n\n\n\t\t<\/div>\n\t<\/div>\n\t\n\t\n\n\t\t<\/div>\n\t\t\t\t\n<style>\n#col-1440994026 > .col-inner {\n  border-radius: 50px;\n}\n<\/style>\n\t<\/div>\n\n\t\n\n\t<div id=\"col-1317621347\" class=\"col medium-6 small-12 large-6\"  >\n\t\t\t\t<div class=\"col-inner text-center\"  >\n\t\t\t\n\t\t\t\n\n\n\t\t<div class=\"icon-box featured-box icon-box-center text-center\"  >\n\t\t\t\t\t<div class=\"icon-box-img\" style=\"width: 60px\">\n\t\t\t\t<div class=\"icon\">\n\t\t\t\t\t<div class=\"icon-inner\" >\n\t\t\t\t\t\t<img loading=\"lazy\" decoding=\"async\" width=\"300\" height=\"300\" src=\"https:\/\/cqweb.loces.dev\/ni\/wp-content\/uploads\/sites\/5\/2022\/07\/5664-300x300.png\" class=\"attachment-medium size-medium\" alt=\"\" srcset=\"https:\/\/cqweb.loces.dev\/ni\/wp-content\/uploads\/sites\/5\/2022\/07\/5664-300x300.png 300w, https:\/\/cqweb.loces.dev\/ni\/wp-content\/uploads\/sites\/5\/2022\/07\/5664-150x150.png 150w, https:\/\/cqweb.loces.dev\/ni\/wp-content\/uploads\/sites\/5\/2022\/07\/5664.png 512w\" sizes=\"auto, (max-width: 300px) 100vw, 300px\" \/>\t\t\t\t\t<\/div>\n\t\t\t\t<\/div>\n\t\t\t<\/div>\n\t\t\t\t<div class=\"icon-box-text last-reset\">\n\t\t\t\t\t\t\t\t\t\n\n<h4>Atenci\u00f3n al Cliente<\/h4>\n<p>Nos puedes contactar por diferentes medios con la mejor disposici\u00f3n y flexibilidad de atenci\u00f3n.<\/p>\n\t<div id=\"gap-370409574\" class=\"gap-element clearfix\" style=\"display:block; height:auto;\">\n\t\t\n<style>\n#gap-370409574 {\n  padding-top: 20px;\n}\n<\/style>\n\t<\/div>\n\t\n\n\n\t\t<\/div>\n\t<\/div>\n\t\n\t\n<a href=\"\/ni\/contactanos\/\" class=\"button secondary lowercase\" style=\"border-radius:99px;\">\n\t<i class=\"icon-user\" aria-hidden=\"true\"><\/i>\t<span>Contactar<\/span>\n\t<\/a>\n\n\n\n\t\t<\/div>\n\t\t\t\t\n<style>\n#col-1317621347 > .col-inner {\n  border-radius: 50px;\n}\n<\/style>\n\t<\/div>\n\n\t\n\n\n<style>\n#row-367606509 > .col > .col-inner {\n  padding: 40px 40px 40px 40px;\n  background-color: rgb(255,255,255);\n}\n<\/style>\n<\/div>\n\n\t\t<\/div>\n\t\t\t\t\t<\/div>\n\n\t\n\n<\/div>\n\n\t\t<\/div>\n\n\t\t\n<style>\n#section_523162955 {\n  padding-top: 0px;\n  padding-bottom: 0px;\n  background-color: rgb(244, 244, 244);\n}\n<\/style>\n\t<\/section>\n\t\n\n","protected":false},"excerpt":{"rendered":"","protected":false},"author":1,"featured_media":0,"parent":0,"menu_order":14,"comment_status":"closed","ping_status":"closed","template":"page-blank.php","meta":{"_acf_changed":false,"_monsterinsights_skip_tracking":false,"_monsterinsights_sitenote_active":false,"_monsterinsights_sitenote_note":"","_monsterinsights_sitenote_category":0,"footnotes":""},"class_list":["post-3354","page","type-page","status-publish","hentry"],"acf":[],"yoast_head":"<!-- This site is optimized with the Yoast SEO plugin v26.7 - https:\/\/yoast.com\/wordpress\/plugins\/seo\/ -->\n<title>Veh\u00edculos Usados - CrediQ Nicaragua<\/title>\n<meta name=\"robots\" content=\"index, follow, max-snippet:-1, max-image-preview:large, max-video-preview:-1\" \/>\n<link rel=\"canonical\" href=\"https:\/\/cqweb.loces.dev\/ni\/vehiculos-usados\/\" \/>\n<meta property=\"og:locale\" content=\"es_ES\" \/>\n<meta property=\"og:type\" content=\"article\" \/>\n<meta property=\"og:title\" content=\"Veh\u00edculos Usados - CrediQ Nicaragua\" \/>\n<meta property=\"og:url\" content=\"https:\/\/cqweb.loces.dev\/ni\/vehiculos-usados\/\" \/>\n<meta property=\"og:site_name\" content=\"CrediQ Nicaragua\" \/>\n<meta property=\"article:modified_time\" content=\"2022-10-20T16:27:34+00:00\" \/>\n<meta name=\"twitter:card\" content=\"summary_large_image\" \/>\n<meta name=\"twitter:label1\" content=\"Tiempo de lectura\" \/>\n\t<meta name=\"twitter:data1\" content=\"5 minutos\" \/>\n<script type=\"application\/ld+json\" class=\"yoast-schema-graph\">{\"@context\":\"https:\/\/schema.org\",\"@graph\":[{\"@type\":\"WebPage\",\"@id\":\"https:\/\/cqweb.loces.dev\/ni\/vehiculos-usados\/\",\"url\":\"https:\/\/cqweb.loces.dev\/ni\/vehiculos-usados\/\",\"name\":\"Veh\u00edculos Usados - CrediQ Nicaragua\",\"isPartOf\":{\"@id\":\"https:\/\/cqweb.loces.dev\/ni\/#website\"},\"datePublished\":\"2022-07-22T17:43:07+00:00\",\"dateModified\":\"2022-10-20T16:27:34+00:00\",\"breadcrumb\":{\"@id\":\"https:\/\/cqweb.loces.dev\/ni\/vehiculos-usados\/#breadcrumb\"},\"inLanguage\":\"es\",\"potentialAction\":[{\"@type\":\"ReadAction\",\"target\":[\"https:\/\/cqweb.loces.dev\/ni\/vehiculos-usados\/\"]}]},{\"@type\":\"BreadcrumbList\",\"@id\":\"https:\/\/cqweb.loces.dev\/ni\/vehiculos-usados\/#breadcrumb\",\"itemListElement\":[{\"@type\":\"ListItem\",\"position\":1,\"name\":\"Home\",\"item\":\"https:\/\/cqweb.loces.dev\/ni\/\"},{\"@type\":\"ListItem\",\"position\":2,\"name\":\"Veh\u00edculos Usados\"}]},{\"@type\":\"WebSite\",\"@id\":\"https:\/\/cqweb.loces.dev\/ni\/#website\",\"url\":\"https:\/\/cqweb.loces.dev\/ni\/\",\"name\":\"CrediQ Nicaragua\",\"description\":\"Financiamiento de veh\u00edculos nuevos y usados\",\"potentialAction\":[{\"@type\":\"SearchAction\",\"target\":{\"@type\":\"EntryPoint\",\"urlTemplate\":\"https:\/\/cqweb.loces.dev\/ni\/?s={search_term_string}\"},\"query-input\":{\"@type\":\"PropertyValueSpecification\",\"valueRequired\":true,\"valueName\":\"search_term_string\"}}],\"inLanguage\":\"es\"}]}<\/script>\n<!-- \/ Yoast SEO plugin. -->","yoast_head_json":{"title":"Veh\u00edculos Usados - CrediQ Nicaragua","robots":{"index":"index","follow":"follow","max-snippet":"max-snippet:-1","max-image-preview":"max-image-preview:large","max-video-preview":"max-video-preview:-1"},"canonical":"https:\/\/cqweb.loces.dev\/ni\/vehiculos-usados\/","og_locale":"es_ES","og_type":"article","og_title":"Veh\u00edculos Usados - CrediQ Nicaragua","og_url":"https:\/\/cqweb.loces.dev\/ni\/vehiculos-usados\/","og_site_name":"CrediQ Nicaragua","article_modified_time":"2022-10-20T16:27:34+00:00","twitter_card":"summary_large_image","twitter_misc":{"Tiempo de lectura":"5 minutos"},"schema":{"@context":"https:\/\/schema.org","@graph":[{"@type":"WebPage","@id":"https:\/\/cqweb.loces.dev\/ni\/vehiculos-usados\/","url":"https:\/\/cqweb.loces.dev\/ni\/vehiculos-usados\/","name":"Veh\u00edculos Usados - CrediQ Nicaragua","isPartOf":{"@id":"https:\/\/cqweb.loces.dev\/ni\/#website"},"datePublished":"2022-07-22T17:43:07+00:00","dateModified":"2022-10-20T16:27:34+00:00","breadcrumb":{"@id":"https:\/\/cqweb.loces.dev\/ni\/vehiculos-usados\/#breadcrumb"},"inLanguage":"es","potentialAction":[{"@type":"ReadAction","target":["https:\/\/cqweb.loces.dev\/ni\/vehiculos-usados\/"]}]},{"@type":"BreadcrumbList","@id":"https:\/\/cqweb.loces.dev\/ni\/vehiculos-usados\/#breadcrumb","itemListElement":[{"@type":"ListItem","position":1,"name":"Home","item":"https:\/\/cqweb.loces.dev\/ni\/"},{"@type":"ListItem","position":2,"name":"Veh\u00edculos Usados"}]},{"@type":"WebSite","@id":"https:\/\/cqweb.loces.dev\/ni\/#website","url":"https:\/\/cqweb.loces.dev\/ni\/","name":"CrediQ Nicaragua","description":"Financiamiento de veh\u00edculos nuevos y usados","potentialAction":[{"@type":"SearchAction","target":{"@type":"EntryPoint","urlTemplate":"https:\/\/cqweb.loces.dev\/ni\/?s={search_term_string}"},"query-input":{"@type":"PropertyValueSpecification","valueRequired":true,"valueName":"search_term_string"}}],"inLanguage":"es"}]}},"post_mailing_queue_ids":[],"_links":{"self":[{"href":"https:\/\/cqweb.loces.dev\/ni\/wp-json\/wp\/v2\/pages\/3354","targetHints":{"allow":["GET"]}}],"collection":[{"href":"https:\/\/cqweb.loces.dev\/ni\/wp-json\/wp\/v2\/pages"}],"about":[{"href":"https:\/\/cqweb.loces.dev\/ni\/wp-json\/wp\/v2\/types\/page"}],"author":[{"embeddable":true,"href":"https:\/\/cqweb.loces.dev\/ni\/wp-json\/wp\/v2\/users\/1"}],"replies":[{"embeddable":true,"href":"https:\/\/cqweb.loces.dev\/ni\/wp-json\/wp\/v2\/comments?post=3354"}],"version-history":[{"count":8,"href":"https:\/\/cqweb.loces.dev\/ni\/wp-json\/wp\/v2\/pages\/3354\/revisions"}],"predecessor-version":[{"id":3863,"href":"https:\/\/cqweb.loces.dev\/ni\/wp-json\/wp\/v2\/pages\/3354\/revisions\/3863"}],"wp:attachment":[{"href":"https:\/\/cqweb.loces.dev\/ni\/wp-json\/wp\/v2\/media?parent=3354"}],"curies":[{"name":"wp","href":"https:\/\/api.w.org\/{rel}","templated":true}]}}