{"id":3061,"date":"2022-07-19T16:30:54","date_gmt":"2022-07-19T16:30:54","guid":{"rendered":"https:\/\/demo2.loces.dev\/?page_id=3061"},"modified":"2023-04-11T17:57:01","modified_gmt":"2023-04-11T17:57:01","slug":"nosotros","status":"publish","type":"page","link":"https:\/\/cqweb.loces.dev\/ni\/nosotros\/","title":{"rendered":"Nosotros"},"content":{"rendered":"\n\n  <div class=\"banner has-hover\" id=\"banner-1396864427\">\n          <div class=\"banner-inner fill\">\n        <div class=\"banner-bg fill\" >\n                                    <div class=\"overlay\"><\/div>            \n                    <\/div>\n\t\t\n        <div class=\"banner-layers container\">\n            <div class=\"fill banner-link\"><\/div>            \n\n\t<div class=\"img has-hover x50 md-x50 lg-x50 y50 md-y50 lg-y50\" id=\"image_1548495456\">\n\t\t\t\t\t\t\t\t<div class=\"img-inner dark\" >\n\t\t\t<img loading=\"lazy\" decoding=\"async\" width=\"2376\" height=\"684\" src=\"https:\/\/cqweb.loces.dev\/ni\/wp-content\/uploads\/sites\/5\/2022\/07\/1111.png\" class=\"attachment-original size-original\" alt=\"\" srcset=\"https:\/\/cqweb.loces.dev\/ni\/wp-content\/uploads\/sites\/5\/2022\/07\/1111.png 2376w, https:\/\/cqweb.loces.dev\/ni\/wp-content\/uploads\/sites\/5\/2022\/07\/1111-300x86.png 300w, https:\/\/cqweb.loces.dev\/ni\/wp-content\/uploads\/sites\/5\/2022\/07\/1111-1024x295.png 1024w, https:\/\/cqweb.loces.dev\/ni\/wp-content\/uploads\/sites\/5\/2022\/07\/1111-768x221.png 768w, https:\/\/cqweb.loces.dev\/ni\/wp-content\/uploads\/sites\/5\/2022\/07\/1111-1536x442.png 1536w, https:\/\/cqweb.loces.dev\/ni\/wp-content\/uploads\/sites\/5\/2022\/07\/1111-2048x590.png 2048w\" sizes=\"auto, (max-width: 2376px) 100vw, 2376px\" \/>\t\t\t\t\t\t\n\t\t\t\t\t<\/div>\n\t\t\t\t\t\t\t\t\n<style>\n#image_1548495456 {\n  width: 92%;\n}\n@media (min-width:550px) {\n  #image_1548495456 {\n    width: 37%;\n  }\n}\n<\/style>\n\t<\/div>\n\t\n\n\n        <\/div>\n      <\/div>\n\n            \n<style>\n#banner-1396864427 {\n  padding-top: 350px;\n  background-color: rgb(255,255,255);\n}\n#banner-1396864427 .overlay {\n  background-color: rgba(255, 255, 255, 0.831);\n}\n#banner-1396864427 .banner-bg img {\n  object-position: 0% 71%;\n}\n@media (min-width:550px) {\n  #banner-1396864427 {\n    padding-top: 253px;\n  }\n}\n<\/style>\n  <\/div>\n\n\n<div class=\"row align-center\"  id=\"row-1930489583\">\n\n\n\t<div id=\"col-980069840\" class=\"col medium-10 small-12 large-10\"  >\n\t\t\t\t<div class=\"col-inner\"  >\n\t\t\t\n\t\t\t\n\n\t<div id=\"gap-113908773\" class=\"gap-element clearfix\" style=\"display:block; height:auto;\">\n\t\t\n<style>\n#gap-113908773 {\n  padding-top: 30px;\n}\n<\/style>\n\t<\/div>\n\t\n\n\t<div id=\"text-317860543\" class=\"text\">\n\t\t\n\n<h1>Nosotros<\/h1>\n\t\t\n<style>\n#text-317860543 {\n  font-size: 1.05rem;\n  color: #1769b7;\n}\n#text-317860543 > * {\n  color: #1769b7;\n}\n<\/style>\n\t<\/div>\n\t\n<p><strong>En el 2002, se lanza a nivel regional CrediQ, el brazo financiero de Grupo Q.<\/strong><\/p>\n<p>Adem\u00e1s, es la financiera l\u00edder de veh\u00edculos en los pa\u00edses donde opera, bajo tres pilares: asesor\u00eda financiera que busca la mejor soluci\u00f3n de acuerdo con las necesidades y condiciones de pago de cada persona o empresa, con flexibilidad en establecer planes de financiamiento a la medida de sus posibilidades, a trav\u00e9s de agilidad en la resoluci\u00f3n.<\/p>\n<p>CrediQ hoy en d\u00eda es el mayor financiador de las prestigiosas marcas de GrupoQ, siendo l\u00edder en el financiamiento de veh\u00edculos y motocicletas en los pa\u00edses donde opera: El Salvador, Costa Rica, Nicaragua y Honduras.<\/p>\n<div class=\"is-divider divider clearfix\" ><\/div>\n\n\t<div id=\"text-92896446\" class=\"text\">\n\t\t\n\n<h1>Nuestra Historia<\/h1>\n\t\t\n<style>\n#text-92896446 {\n  font-size: 1.05rem;\n  color: #1769b7;\n}\n#text-92896446 > * {\n  color: #1769b7;\n}\n<\/style>\n\t<\/div>\n\t\n<p class=\"text-darkgray\">CrediQ tiene sus inicios en los a\u00f1os 60 en El Salvador como el departamento de cr\u00e9ditos y cobros de la empresa veh\u00edculo motriz SAQUIRO, S.A. otorgando financiamiento a los clientes que buscaban la compra de veh\u00edculos.<\/p>\n<p class=\"text-darkgray\">En el a\u00f1o 2000 se toma la decisi\u00f3n de crear una divisi\u00f3n independiente transformando una de sus subsidiarias en CrediQ, dando un nuevo giro hacia el desarrollo de una empresa crediticia especializada en veh\u00edculos.<\/p>\n<p class=\"text-darkgray\">CrediQ inicia operaciones en Nicaragua en agosto del a\u00f1o 2016 con el nombre de CrediQ Inversiones Nicaragua S.A.<\/p>\n<div class=\"row align-center\"  id=\"row-469915403\">\n\n\n\t<div id=\"col-2123730977\" class=\"col medium-4 small-12 large-4\"  >\n\t\t\t\t<div class=\"col-inner\"  >\n\t\t\t\n\t\t\t\n\n\n\t\t<div class=\"icon-box featured-box icon-box-center text-center\"  >\n\t\t\t\t\t<div class=\"icon-box-img\" style=\"width: 90px\">\n\t\t\t\t<div class=\"icon\">\n\t\t\t\t\t<div class=\"icon-inner\" >\n\t\t\t\t\t\t<img loading=\"lazy\" decoding=\"async\" width=\"300\" height=\"300\" src=\"https:\/\/cqweb.loces.dev\/ni\/wp-content\/uploads\/sites\/5\/2022\/07\/998-300x300.png\" class=\"attachment-medium size-medium\" alt=\"\" srcset=\"https:\/\/cqweb.loces.dev\/ni\/wp-content\/uploads\/sites\/5\/2022\/07\/998-300x300.png 300w, https:\/\/cqweb.loces.dev\/ni\/wp-content\/uploads\/sites\/5\/2022\/07\/998-150x150.png 150w, https:\/\/cqweb.loces.dev\/ni\/wp-content\/uploads\/sites\/5\/2022\/07\/998.png 512w\" sizes=\"auto, (max-width: 300px) 100vw, 300px\" \/>\t\t\t\t\t<\/div>\n\t\t\t\t<\/div>\n\t\t\t<\/div>\n\t\t\t\t<div class=\"icon-box-text last-reset\">\n\t\t\t\t\t\t\t\t\t\n\n\t<div id=\"text-2220466876\" class=\"text\">\n\t\t\n\n<h2><span data-text-color=\"primary\">Misi\u00f3n<\/span><\/h2>\n<p>Servirte con pasi\u00f3n es la fuerza que nos mueve.<\/p>\n\t\t\n<style>\n#text-2220466876 {\n  font-size: 1.05rem;\n  line-height: 1.65;\n}\n<\/style>\n\t<\/div>\n\t\n\n\t\t<\/div>\n\t<\/div>\n\t\n\t\n\n\t\t<\/div>\n\t\t\t\t\t<\/div>\n\n\t\n\n\t<div id=\"col-1809143607\" class=\"col medium-4 small-12 large-4\"  >\n\t\t\t\t<div class=\"col-inner\"  >\n\t\t\t\n\t\t\t\n\n\n\t\t<div class=\"icon-box featured-box icon-box-center text-center\"  >\n\t\t\t\t\t<div class=\"icon-box-img\" style=\"width: 90px\">\n\t\t\t\t<div class=\"icon\">\n\t\t\t\t\t<div class=\"icon-inner\" >\n\t\t\t\t\t\t<img loading=\"lazy\" decoding=\"async\" width=\"300\" height=\"300\" src=\"https:\/\/cqweb.loces.dev\/ni\/wp-content\/uploads\/sites\/5\/2022\/07\/8765-300x300.png\" class=\"attachment-medium size-medium\" alt=\"\" srcset=\"https:\/\/cqweb.loces.dev\/ni\/wp-content\/uploads\/sites\/5\/2022\/07\/8765-300x300.png 300w, https:\/\/cqweb.loces.dev\/ni\/wp-content\/uploads\/sites\/5\/2022\/07\/8765-150x150.png 150w, https:\/\/cqweb.loces.dev\/ni\/wp-content\/uploads\/sites\/5\/2022\/07\/8765.png 512w\" sizes=\"auto, (max-width: 300px) 100vw, 300px\" \/>\t\t\t\t\t<\/div>\n\t\t\t\t<\/div>\n\t\t\t<\/div>\n\t\t\t\t<div class=\"icon-box-text last-reset\">\n\t\t\t\t\t\t\t\t\t\n\n\t<div id=\"text-3665397383\" class=\"text\">\n\t\t\n\n<h2><span data-text-color=\"primary\">Visi\u00f3n<\/span><\/h2>\n<p>Ser la mejor empresa automotriz del mundo.<\/p>\n\t\t\n<style>\n#text-3665397383 {\n  font-size: 1.05rem;\n  line-height: 1.65;\n}\n<\/style>\n\t<\/div>\n\t\n\n\t\t<\/div>\n\t<\/div>\n\t\n\t\n\n\t\t<\/div>\n\t\t\t\t\t<\/div>\n\n\t\n\n<\/div>\n\t<div id=\"text-3516871380\" class=\"text\">\n\t\t\n\n<h1>Valores<\/h1>\n\t\t\n<style>\n#text-3516871380 {\n  font-size: 1.05rem;\n  text-align: center;\n  color: #1769b7;\n}\n#text-3516871380 > * {\n  color: #1769b7;\n}\n<\/style>\n\t<\/div>\n\t\n<div class=\"row\"  id=\"row-503189843\">\n\n\n\t<div id=\"col-252243467\" class=\"col medium-6 small-12 large-6\"  >\n\t\t\t\t<div class=\"col-inner\"  >\n\t\t\t\n\t\t\t\n\n\n\t\t<div class=\"icon-box featured-box icon-box-left text-left\"  >\n\t\t\t\t\t<div class=\"icon-box-img\" style=\"width: 65px\">\n\t\t\t\t<div class=\"icon\">\n\t\t\t\t\t<div class=\"icon-inner\" >\n\t\t\t\t\t\t<img loading=\"lazy\" decoding=\"async\" width=\"300\" height=\"300\" src=\"https:\/\/cqweb.loces.dev\/ni\/wp-content\/uploads\/sites\/5\/2022\/07\/505-300x300.png\" class=\"attachment-medium size-medium\" alt=\"\" srcset=\"https:\/\/cqweb.loces.dev\/ni\/wp-content\/uploads\/sites\/5\/2022\/07\/505-300x300.png 300w, https:\/\/cqweb.loces.dev\/ni\/wp-content\/uploads\/sites\/5\/2022\/07\/505-150x150.png 150w, https:\/\/cqweb.loces.dev\/ni\/wp-content\/uploads\/sites\/5\/2022\/07\/505.png 512w\" sizes=\"auto, (max-width: 300px) 100vw, 300px\" \/>\t\t\t\t\t<\/div>\n\t\t\t\t<\/div>\n\t\t\t<\/div>\n\t\t\t\t<div class=\"icon-box-text last-reset\">\n\t\t\t\t\t\t\t\t\t\n\n\t<div id=\"gap-1942758141\" class=\"gap-element clearfix\" style=\"display:block; height:auto;\">\n\t\t\n<style>\n#gap-1942758141 {\n  padding-top: 18px;\n}\n<\/style>\n\t<\/div>\n\t\n\n\t<div id=\"text-1121815260\" class=\"text\">\n\t\t\n\n<div class=\"col-lg-4\">\n<div class=\"stat\">\n<div class=\"stat-text\">\n<p class=\"cq-description\">Pasi\u00f3n por el servicio.<\/p>\n<\/div>\n<\/div>\n<\/div>\n\t\t\n<style>\n#text-1121815260 {\n  font-size: 1.1rem;\n}\n<\/style>\n\t<\/div>\n\t\n\n\t\t<\/div>\n\t<\/div>\n\t\n\t\n\n\t\t<div class=\"icon-box featured-box icon-box-left text-left\"  >\n\t\t\t\t\t<div class=\"icon-box-img\" style=\"width: 65px\">\n\t\t\t\t<div class=\"icon\">\n\t\t\t\t\t<div class=\"icon-inner\" >\n\t\t\t\t\t\t<img loading=\"lazy\" decoding=\"async\" width=\"300\" height=\"300\" src=\"https:\/\/cqweb.loces.dev\/ni\/wp-content\/uploads\/sites\/5\/2022\/07\/356-300x300.png\" class=\"attachment-medium size-medium\" alt=\"\" srcset=\"https:\/\/cqweb.loces.dev\/ni\/wp-content\/uploads\/sites\/5\/2022\/07\/356-300x300.png 300w, https:\/\/cqweb.loces.dev\/ni\/wp-content\/uploads\/sites\/5\/2022\/07\/356-150x150.png 150w, https:\/\/cqweb.loces.dev\/ni\/wp-content\/uploads\/sites\/5\/2022\/07\/356.png 512w\" sizes=\"auto, (max-width: 300px) 100vw, 300px\" \/>\t\t\t\t\t<\/div>\n\t\t\t\t<\/div>\n\t\t\t<\/div>\n\t\t\t\t<div class=\"icon-box-text last-reset\">\n\t\t\t\t\t\t\t\t\t\n\n\t<div id=\"gap-1812194269\" class=\"gap-element clearfix\" style=\"display:block; height:auto;\">\n\t\t\n<style>\n#gap-1812194269 {\n  padding-top: 18px;\n}\n<\/style>\n\t<\/div>\n\t\n\n\t<div id=\"text-175569031\" class=\"text\">\n\t\t\n\n<div class=\"col-lg-4\">\n<div class=\"stat\">\n<div class=\"stat-text\">\n<p class=\"cq-description\">Excelencia e innovaci\u00f3n.<\/p>\n<\/div>\n<\/div>\n<\/div>\n\t\t\n<style>\n#text-175569031 {\n  font-size: 1.1rem;\n}\n<\/style>\n\t<\/div>\n\t\n\n\t\t<\/div>\n\t<\/div>\n\t\n\t\n\n\t\t<div class=\"icon-box featured-box icon-box-left text-left\"  >\n\t\t\t\t\t<div class=\"icon-box-img\" style=\"width: 65px\">\n\t\t\t\t<div class=\"icon\">\n\t\t\t\t\t<div class=\"icon-inner\" >\n\t\t\t\t\t\t<img loading=\"lazy\" decoding=\"async\" width=\"300\" height=\"300\" src=\"https:\/\/cqweb.loces.dev\/ni\/wp-content\/uploads\/sites\/5\/2022\/07\/567-300x300.png\" class=\"attachment-medium size-medium\" alt=\"\" srcset=\"https:\/\/cqweb.loces.dev\/ni\/wp-content\/uploads\/sites\/5\/2022\/07\/567-300x300.png 300w, https:\/\/cqweb.loces.dev\/ni\/wp-content\/uploads\/sites\/5\/2022\/07\/567-150x150.png 150w, https:\/\/cqweb.loces.dev\/ni\/wp-content\/uploads\/sites\/5\/2022\/07\/567.png 512w\" sizes=\"auto, (max-width: 300px) 100vw, 300px\" \/>\t\t\t\t\t<\/div>\n\t\t\t\t<\/div>\n\t\t\t<\/div>\n\t\t\t\t<div class=\"icon-box-text last-reset\">\n\t\t\t\t\t\t\t\t\t\n\n\t<div id=\"gap-1592254432\" class=\"gap-element clearfix\" style=\"display:block; height:auto;\">\n\t\t\n<style>\n#gap-1592254432 {\n  padding-top: 18px;\n}\n<\/style>\n\t<\/div>\n\t\n\n\t<div id=\"text-775681515\" class=\"text\">\n\t\t\n\n<div class=\"col-lg-4\">\n<div class=\"stat\">\n<div class=\"stat-text\">\n<p class=\"cq-description\">Sentido de pertenencia.<\/p>\n<\/div>\n<\/div>\n<\/div>\n\t\t\n<style>\n#text-775681515 {\n  font-size: 1.1rem;\n}\n<\/style>\n\t<\/div>\n\t\n\n\t\t<\/div>\n\t<\/div>\n\t\n\t\n\n\t\t<\/div>\n\t\t\t\t\t<\/div>\n\n\t\n\n\t<div id=\"col-1326108079\" class=\"col medium-6 small-12 large-6\"  >\n\t\t\t\t<div class=\"col-inner\"  >\n\t\t\t\n\t\t\t\n\n\n\t\t<div class=\"icon-box featured-box icon-box-left text-left\"  >\n\t\t\t\t\t<div class=\"icon-box-img\" style=\"width: 65px\">\n\t\t\t\t<div class=\"icon\">\n\t\t\t\t\t<div class=\"icon-inner\" >\n\t\t\t\t\t\t<img loading=\"lazy\" decoding=\"async\" width=\"300\" height=\"300\" src=\"https:\/\/cqweb.loces.dev\/ni\/wp-content\/uploads\/sites\/5\/2022\/07\/3748-300x300.png\" class=\"attachment-medium size-medium\" alt=\"\" srcset=\"https:\/\/cqweb.loces.dev\/ni\/wp-content\/uploads\/sites\/5\/2022\/07\/3748-300x300.png 300w, https:\/\/cqweb.loces.dev\/ni\/wp-content\/uploads\/sites\/5\/2022\/07\/3748-150x150.png 150w, https:\/\/cqweb.loces.dev\/ni\/wp-content\/uploads\/sites\/5\/2022\/07\/3748.png 512w\" sizes=\"auto, (max-width: 300px) 100vw, 300px\" \/>\t\t\t\t\t<\/div>\n\t\t\t\t<\/div>\n\t\t\t<\/div>\n\t\t\t\t<div class=\"icon-box-text last-reset\">\n\t\t\t\t\t\t\t\t\t\n\n\t<div id=\"gap-811801662\" class=\"gap-element clearfix\" style=\"display:block; height:auto;\">\n\t\t\n<style>\n#gap-811801662 {\n  padding-top: 18px;\n}\n<\/style>\n\t<\/div>\n\t\n\n\t<div id=\"text-1372954302\" class=\"text\">\n\t\t\n\n<div class=\"col-lg-4\">\n<div class=\"stat\">\n<div class=\"stat-text\">\n<p class=\"cq-description\">Compromiso con la comunidad.<\/p>\n<\/div>\n<\/div>\n<\/div>\n\t\t\n<style>\n#text-1372954302 {\n  font-size: 1.1rem;\n}\n<\/style>\n\t<\/div>\n\t\n\n\t\t<\/div>\n\t<\/div>\n\t\n\t\n\n\t\t<div class=\"icon-box featured-box icon-box-left text-left\"  >\n\t\t\t\t\t<div class=\"icon-box-img\" style=\"width: 65px\">\n\t\t\t\t<div class=\"icon\">\n\t\t\t\t\t<div class=\"icon-inner\" >\n\t\t\t\t\t\t<img loading=\"lazy\" decoding=\"async\" width=\"300\" height=\"300\" src=\"https:\/\/cqweb.loces.dev\/ni\/wp-content\/uploads\/sites\/5\/2022\/07\/665-300x300.png\" class=\"attachment-medium size-medium\" alt=\"\" srcset=\"https:\/\/cqweb.loces.dev\/ni\/wp-content\/uploads\/sites\/5\/2022\/07\/665-300x300.png 300w, https:\/\/cqweb.loces.dev\/ni\/wp-content\/uploads\/sites\/5\/2022\/07\/665-150x150.png 150w, https:\/\/cqweb.loces.dev\/ni\/wp-content\/uploads\/sites\/5\/2022\/07\/665.png 512w\" sizes=\"auto, (max-width: 300px) 100vw, 300px\" \/>\t\t\t\t\t<\/div>\n\t\t\t\t<\/div>\n\t\t\t<\/div>\n\t\t\t\t<div class=\"icon-box-text last-reset\">\n\t\t\t\t\t\t\t\t\t\n\n\t<div id=\"gap-105577475\" class=\"gap-element clearfix\" style=\"display:block; height:auto;\">\n\t\t\n<style>\n#gap-105577475 {\n  padding-top: 18px;\n}\n<\/style>\n\t<\/div>\n\t\n\n\t<div id=\"text-3447122894\" class=\"text\">\n\t\t\n\n<div class=\"col-lg-4\">\n<div class=\"stat\">\n<div class=\"stat-text\">\n<p class=\"cq-description\">Integridad.<\/p>\n<\/div>\n<\/div>\n<\/div>\n\t\t\n<style>\n#text-3447122894 {\n  font-size: 1.1rem;\n}\n<\/style>\n\t<\/div>\n\t\n\n\t\t<\/div>\n\t<\/div>\n\t\n\t\n\n\t\t<\/div>\n\t\t\t\t\t<\/div>\n\n\t\n\n<\/div>\n\n\t\t<\/div>\n\t\t\t\t\t<\/div>\n\n\t\n\n<\/div>\n<div class=\"row row-small\" style=\"max-width:1300px\" id=\"row-494928493\">\n\n\n\t<div id=\"col-156964585\" class=\"col medium-4 small-12 large-4\"  >\n\t\t\t\t<div class=\"col-inner\"  >\n\t\t\t\n\t\t\t\n\n\n  <div class=\"banner has-hover\" id=\"banner-1882260425\">\n          <div class=\"banner-inner fill\">\n        <div class=\"banner-bg fill\" >\n            <img loading=\"lazy\" decoding=\"async\" width=\"1020\" height=\"574\" src=\"https:\/\/cqweb.loces.dev\/ni\/wp-content\/uploads\/sites\/5\/2022\/07\/Sin-ti\u0301tulo-1-1024x576.jpg\" class=\"bg attachment-large size-large\" alt=\"\" \/>                                    \n                    <\/div>\n\t\t\n        <div class=\"banner-layers container\">\n            <a class=\"fill\" href=\"#\"><div class=\"fill banner-link\"><\/div><\/a>            \n\n\n        <\/div>\n      <\/div>\n\n            \n<style>\n#banner-1882260425 {\n  padding-top: 99.99%;\n  background-color: rgb(255, 255, 255);\n}\n#banner-1882260425 .banner-bg img {\n  object-position: 95% 26%;\n}\n<\/style>\n  <\/div>\n\n\n\n\t\t<\/div>\n\t\t\t\t\t<\/div>\n\n\t\n\n\t<div id=\"col-980501990\" class=\"col medium-4 small-12 large-4\"  >\n\t\t\t\t<div class=\"col-inner\"  >\n\t\t\t\n\t\t\t\n\n\n  <div class=\"banner has-hover\" id=\"banner-166311392\">\n          <div class=\"banner-inner fill\">\n        <div class=\"banner-bg fill\" >\n                                                \n                    <\/div>\n\t\t\n        <div class=\"banner-layers container\">\n            <a class=\"fill\" href=\"#\"><div class=\"fill banner-link\"><\/div><\/a>            \n\n\n        <\/div>\n      <\/div>\n\n            \n<style>\n#banner-166311392 {\n  padding-top: 99.99%;\n  background-color: rgb(255, 255, 255);\n}\n<\/style>\n  <\/div>\n\n\n\n\t\t<\/div>\n\t\t\t\t\t<\/div>\n\n\t\n\n\t<div id=\"col-1143390593\" class=\"col medium-4 small-12 large-4\"  >\n\t\t\t\t<div class=\"col-inner\"  >\n\t\t\t\n\t\t\t\n\n\n  <div class=\"banner has-hover\" id=\"banner-915146775\">\n          <div class=\"banner-inner fill\">\n        <div class=\"banner-bg fill\" >\n            <img loading=\"lazy\" decoding=\"async\" width=\"1020\" height=\"574\" src=\"https:\/\/cqweb.loces.dev\/ni\/wp-content\/uploads\/sites\/5\/2022\/07\/3e33-1024x576.jpg\" class=\"bg attachment-large size-large\" alt=\"\" \/>                                    \n                    <\/div>\n\t\t\n        <div class=\"banner-layers container\">\n            <a class=\"fill\" href=\"#\"><div class=\"fill banner-link\"><\/div><\/a>            \n\n\n        <\/div>\n      <\/div>\n\n            \n<style>\n#banner-915146775 {\n  padding-top: 99.99%;\n  background-color: rgb(255, 255, 255);\n}\n<\/style>\n  <\/div>\n\n\n\n\t\t<\/div>\n\t\t\t\t\t<\/div>\n\n\t\n\n<\/div>\n\n","protected":false},"excerpt":{"rendered":"","protected":false},"author":1,"featured_media":0,"parent":0,"menu_order":5,"comment_status":"closed","ping_status":"closed","template":"page-blank.php","meta":{"_acf_changed":false,"_monsterinsights_skip_tracking":false,"_monsterinsights_sitenote_active":false,"_monsterinsights_sitenote_note":"","_monsterinsights_sitenote_category":0,"footnotes":""},"class_list":["post-3061","page","type-page","status-publish","hentry"],"acf":[],"yoast_head":"<!-- This site is optimized with the Yoast SEO plugin v26.7 - https:\/\/yoast.com\/wordpress\/plugins\/seo\/ -->\n<title>Nosotros - CrediQ Nicaragua<\/title>\n<meta name=\"robots\" content=\"index, follow, max-snippet:-1, max-image-preview:large, max-video-preview:-1\" \/>\n<link rel=\"canonical\" href=\"https:\/\/cqweb.loces.dev\/ni\/nosotros\/\" \/>\n<meta property=\"og:locale\" content=\"es_ES\" \/>\n<meta property=\"og:type\" content=\"article\" \/>\n<meta property=\"og:title\" content=\"Nosotros - CrediQ Nicaragua\" \/>\n<meta property=\"og:url\" content=\"https:\/\/cqweb.loces.dev\/ni\/nosotros\/\" \/>\n<meta property=\"og:site_name\" content=\"CrediQ Nicaragua\" \/>\n<meta property=\"article:modified_time\" content=\"2023-04-11T17:57:01+00:00\" \/>\n<meta name=\"twitter:card\" content=\"summary_large_image\" \/>\n<meta name=\"twitter:label1\" content=\"Tiempo de lectura\" \/>\n\t<meta name=\"twitter:data1\" content=\"3 minutos\" \/>\n<script type=\"application\/ld+json\" class=\"yoast-schema-graph\">{\"@context\":\"https:\/\/schema.org\",\"@graph\":[{\"@type\":\"WebPage\",\"@id\":\"https:\/\/cqweb.loces.dev\/ni\/nosotros\/\",\"url\":\"https:\/\/cqweb.loces.dev\/ni\/nosotros\/\",\"name\":\"Nosotros - CrediQ Nicaragua\",\"isPartOf\":{\"@id\":\"https:\/\/cqweb.loces.dev\/ni\/#website\"},\"datePublished\":\"2022-07-19T16:30:54+00:00\",\"dateModified\":\"2023-04-11T17:57:01+00:00\",\"breadcrumb\":{\"@id\":\"https:\/\/cqweb.loces.dev\/ni\/nosotros\/#breadcrumb\"},\"inLanguage\":\"es\",\"potentialAction\":[{\"@type\":\"ReadAction\",\"target\":[\"https:\/\/cqweb.loces.dev\/ni\/nosotros\/\"]}]},{\"@type\":\"BreadcrumbList\",\"@id\":\"https:\/\/cqweb.loces.dev\/ni\/nosotros\/#breadcrumb\",\"itemListElement\":[{\"@type\":\"ListItem\",\"position\":1,\"name\":\"Home\",\"item\":\"https:\/\/cqweb.loces.dev\/ni\/\"},{\"@type\":\"ListItem\",\"position\":2,\"name\":\"Nosotros\"}]},{\"@type\":\"WebSite\",\"@id\":\"https:\/\/cqweb.loces.dev\/ni\/#website\",\"url\":\"https:\/\/cqweb.loces.dev\/ni\/\",\"name\":\"CrediQ Nicaragua\",\"description\":\"Financiamiento de veh\u00edculos nuevos y usados\",\"potentialAction\":[{\"@type\":\"SearchAction\",\"target\":{\"@type\":\"EntryPoint\",\"urlTemplate\":\"https:\/\/cqweb.loces.dev\/ni\/?s={search_term_string}\"},\"query-input\":{\"@type\":\"PropertyValueSpecification\",\"valueRequired\":true,\"valueName\":\"search_term_string\"}}],\"inLanguage\":\"es\"}]}<\/script>\n<!-- \/ Yoast SEO plugin. -->","yoast_head_json":{"title":"Nosotros - CrediQ Nicaragua","robots":{"index":"index","follow":"follow","max-snippet":"max-snippet:-1","max-image-preview":"max-image-preview:large","max-video-preview":"max-video-preview:-1"},"canonical":"https:\/\/cqweb.loces.dev\/ni\/nosotros\/","og_locale":"es_ES","og_type":"article","og_title":"Nosotros - CrediQ Nicaragua","og_url":"https:\/\/cqweb.loces.dev\/ni\/nosotros\/","og_site_name":"CrediQ Nicaragua","article_modified_time":"2023-04-11T17:57:01+00:00","twitter_card":"summary_large_image","twitter_misc":{"Tiempo de lectura":"3 minutos"},"schema":{"@context":"https:\/\/schema.org","@graph":[{"@type":"WebPage","@id":"https:\/\/cqweb.loces.dev\/ni\/nosotros\/","url":"https:\/\/cqweb.loces.dev\/ni\/nosotros\/","name":"Nosotros - CrediQ Nicaragua","isPartOf":{"@id":"https:\/\/cqweb.loces.dev\/ni\/#website"},"datePublished":"2022-07-19T16:30:54+00:00","dateModified":"2023-04-11T17:57:01+00:00","breadcrumb":{"@id":"https:\/\/cqweb.loces.dev\/ni\/nosotros\/#breadcrumb"},"inLanguage":"es","potentialAction":[{"@type":"ReadAction","target":["https:\/\/cqweb.loces.dev\/ni\/nosotros\/"]}]},{"@type":"BreadcrumbList","@id":"https:\/\/cqweb.loces.dev\/ni\/nosotros\/#breadcrumb","itemListElement":[{"@type":"ListItem","position":1,"name":"Home","item":"https:\/\/cqweb.loces.dev\/ni\/"},{"@type":"ListItem","position":2,"name":"Nosotros"}]},{"@type":"WebSite","@id":"https:\/\/cqweb.loces.dev\/ni\/#website","url":"https:\/\/cqweb.loces.dev\/ni\/","name":"CrediQ Nicaragua","description":"Financiamiento de veh\u00edculos nuevos y usados","potentialAction":[{"@type":"SearchAction","target":{"@type":"EntryPoint","urlTemplate":"https:\/\/cqweb.loces.dev\/ni\/?s={search_term_string}"},"query-input":{"@type":"PropertyValueSpecification","valueRequired":true,"valueName":"search_term_string"}}],"inLanguage":"es"}]}},"post_mailing_queue_ids":[],"_links":{"self":[{"href":"https:\/\/cqweb.loces.dev\/ni\/wp-json\/wp\/v2\/pages\/3061","targetHints":{"allow":["GET"]}}],"collection":[{"href":"https:\/\/cqweb.loces.dev\/ni\/wp-json\/wp\/v2\/pages"}],"about":[{"href":"https:\/\/cqweb.loces.dev\/ni\/wp-json\/wp\/v2\/types\/page"}],"author":[{"embeddable":true,"href":"https:\/\/cqweb.loces.dev\/ni\/wp-json\/wp\/v2\/users\/1"}],"replies":[{"embeddable":true,"href":"https:\/\/cqweb.loces.dev\/ni\/wp-json\/wp\/v2\/comments?post=3061"}],"version-history":[{"count":2,"href":"https:\/\/cqweb.loces.dev\/ni\/wp-json\/wp\/v2\/pages\/3061\/revisions"}],"predecessor-version":[{"id":4006,"href":"https:\/\/cqweb.loces.dev\/ni\/wp-json\/wp\/v2\/pages\/3061\/revisions\/4006"}],"wp:attachment":[{"href":"https:\/\/cqweb.loces.dev\/ni\/wp-json\/wp\/v2\/media?parent=3061"}],"curies":[{"name":"wp","href":"https:\/\/api.w.org\/{rel}","templated":true}]}}