{"id":3053,"date":"2022-07-19T16:28:14","date_gmt":"2022-07-19T16:28:14","guid":{"rendered":"https:\/\/demo2.loces.dev\/?page_id=3053"},"modified":"2022-11-16T17:27:17","modified_gmt":"2022-11-16T17:27:17","slug":"contactanos","status":"publish","type":"page","link":"https:\/\/cqweb.loces.dev\/ni\/contactanos\/","title":{"rendered":"Cont\u00e1ctanos"},"content":{"rendered":"\n\n\t<section class=\"section dark\" id=\"section_413757549\">\n\t\t<div class=\"section-bg fill\" >\n\t\t\t<img loading=\"lazy\" decoding=\"async\" width=\"2560\" height=\"851\" src=\"https:\/\/cqweb.loces.dev\/ni\/wp-content\/uploads\/sites\/5\/2022\/07\/776-scaled-1.jpg\" class=\"bg attachment-original size-original\" alt=\"\" \/>\t\t\t\t\t\t<div class=\"section-bg-overlay absolute fill\"><\/div>\n\t\t\t\n\n\t\t<\/div>\n\n\t\t\n\n\t\t<div class=\"section-content relative\">\n\t\t\t\n\n<div class=\"row align-center\"  id=\"row-943396851\">\n\n\n\t<div id=\"col-1025488389\" class=\"col medium-9 small-12 large-9\"  >\n\t\t\t\t<div class=\"col-inner text-center\"  >\n\t\t\t\n\t\t\t\n\n\t<div id=\"text-2899407388\" class=\"text\">\n\t\t\n\n<h2 style=\"font-size: 200%;\">Cont\u00e1ctanos<\/h2>\n<p>Si quieres recibir asesor\u00eda de uno de nuestros productos, <strong>d\u00e9janos tus datos y uno de nuestros ejecutivos se comunicar\u00e1 contigo.<\/strong><\/p>\n\t\t\n<style>\n#text-2899407388 {\n  font-size: 1.25rem;\n}\n<\/style>\n\t<\/div>\n\t\n\n\t\t<\/div>\n\t\t\t\t\n<style>\n#col-1025488389 > .col-inner {\n  padding: 20px 0px 0px 0px;\n}\n<\/style>\n\t<\/div>\n\n\t\n\n<\/div>\n\n\t\t<\/div>\n\n\t\t\n<style>\n#section_413757549 {\n  padding-top: 75px;\n  padding-bottom: 75px;\n  background-color: rgb(255,255,255);\n}\n#section_413757549 .section-bg-overlay {\n  background-color: rgba(23, 105, 183, 0.733);\n}\n#section_413757549 .section-bg img {\n  object-position: 50% 49%;\n}\n<\/style>\n\t<\/section>\n\t\n\n\t<section class=\"section\" id=\"section_207875970\">\n\t\t<div class=\"section-bg fill\" >\n\t\t\t\t\t\t\t\t\t\n\t\t\t\n\n\t\t<\/div>\n\n\t\t\n\n\t\t<div class=\"section-content relative\">\n\t\t\t\n\n<div class=\"row\"  id=\"row-158506577\">\n\n\n\t<div id=\"col-1282580532\" class=\"col small-12 large-12\"  >\n\t\t\t\t<div class=\"col-inner\"  >\n\t\t\t\n\t\t\t\n\n<div class=\"row align-equal\"  id=\"row-1560742497\">\n\n\n\t<div id=\"col-965430945\" class=\"col small-12 large-12\"  >\n\t\t\t\t<div class=\"col-inner text-center\" style=\"background-color:rgb(255,255,255);\" >\n\t\t\t\n\t\t\t\n\n\t<div id=\"text-1767964516\" class=\"text\">\n\t\t\n\n<h2>Solicitud de Contacto<\/h2>\n\t\t\n<style>\n#text-1767964516 {\n  color: #1769b7;\n}\n#text-1767964516 > * {\n  color: #1769b7;\n}\n<\/style>\n\t<\/div>\n\t\n<div class=\"is-divider divider clearfix\" ><\/div>\n\n<div class=\"row\"  id=\"row-1164186585\">\n\n\n\t<div id=\"col-1539702229\" class=\"col medium-6 small-12 large-6\"  >\n\t\t\t\t<div class=\"col-inner text-left\"  >\n\t\t\t\n\t\t\t\n\n<h3><span data-text-color=\"primary\">Oficina Managua<\/span><\/h3>\n<p>Pista Jean Paul Genie, de los sem\u00e1foros del Club Terraza 150 mts al este. Edificio Nissan.<\/p>\n<p>Horario de atenci\u00f3n:<\/p>\n<ul>\n<li><strong>Lunes a viernes:<\/strong> 8:00am a 5:30pm<\/li>\n<li><strong>S\u00e1bado:<\/strong> 8:00am a 1:00pm<\/li>\n<li><strong>Central telef\u00f3nica:<\/strong>\u00a0505 2253-8030<\/li>\n<li><a href=\"mailto:servicioalcliente_ni@crediq.com\"><strong>servicioalcliente_ni@crediq.com<\/strong><\/a><\/li>\n<\/ul>\n<p>\u00a0<\/p>\n\n\t\t<\/div>\n\t\t\t\t\t<\/div>\n\n\t\n\n\t<div id=\"col-587640083\" class=\"col medium-6 small-12 large-6\"  >\n\t\t\t\t<div class=\"col-inner text-left\"  >\n\t\t\t\n\t\t\t\n\n\n<div class=\"wpcf7 no-js\" id=\"wpcf7-f3472-o1\" lang=\"es-ES\" dir=\"ltr\" data-wpcf7-id=\"3472\">\n<div class=\"screen-reader-response\"><p role=\"status\" aria-live=\"polite\" aria-atomic=\"true\"><\/p> <ul><\/ul><\/div>\n<form action=\"\/ni\/wp-json\/wp\/v2\/pages\/3053#wpcf7-f3472-o1\" method=\"post\" class=\"wpcf7-form init\" aria-label=\"Formulario de contacto\" novalidate=\"novalidate\" data-status=\"init\">\n<fieldset class=\"hidden-fields-container\"><input type=\"hidden\" name=\"_wpcf7\" value=\"3472\" \/><input type=\"hidden\" name=\"_wpcf7_version\" value=\"6.1.4\" \/><input type=\"hidden\" name=\"_wpcf7_locale\" value=\"es_ES\" \/><input type=\"hidden\" name=\"_wpcf7_unit_tag\" value=\"wpcf7-f3472-o1\" \/><input type=\"hidden\" name=\"_wpcf7_container_post\" value=\"0\" \/><input type=\"hidden\" name=\"_wpcf7_posted_data_hash\" value=\"\" \/>\n<\/fieldset>\n<p><label> Nombre completo:<\/label><br \/>\n<span class=\"wpcf7-form-control-wrap\" data-name=\"nombre\"><input size=\"40\" maxlength=\"400\" class=\"wpcf7-form-control wpcf7-text wpcf7-validates-as-required\" aria-required=\"true\" aria-invalid=\"false\" value=\"\" type=\"text\" name=\"nombre\" \/><\/span>\n<\/p>\n<p><label> Correo electr\u00f3nico:<\/label><br \/>\n<span class=\"wpcf7-form-control-wrap\" data-name=\"correo-electronico\"><input size=\"40\" maxlength=\"400\" class=\"wpcf7-form-control wpcf7-email wpcf7-validates-as-required wpcf7-text wpcf7-validates-as-email\" aria-required=\"true\" aria-invalid=\"false\" value=\"\" type=\"email\" name=\"correo-electronico\" \/><\/span>\n<\/p>\n<p><label> N\u00famero de tel\u00e9fono:<\/label><br \/>\n<span class=\"wpcf7-form-control-wrap\" data-name=\"telefono\"><input size=\"40\" maxlength=\"400\" class=\"wpcf7-form-control wpcf7-tel wpcf7-validates-as-required wpcf7-text wpcf7-validates-as-tel\" aria-required=\"true\" aria-invalid=\"false\" value=\"\" type=\"tel\" name=\"telefono\" \/><\/span>\n<\/p>\n<p><label> Mensaje:<\/label><br \/>\n<span class=\"wpcf7-form-control-wrap\" data-name=\"mensaje\"><textarea cols=\"40\" rows=\"10\" maxlength=\"2000\" class=\"wpcf7-form-control wpcf7-textarea\" aria-invalid=\"false\" name=\"mensaje\"><\/textarea><\/span>\n<\/p>\n<p><input class=\"wpcf7-form-control wpcf7-submit has-spinner\" type=\"submit\" value=\"Enviar informaci\u00f3n\" \/>\n<\/p><p style=\"display: none !important;\" class=\"akismet-fields-container\" data-prefix=\"_wpcf7_ak_\"><label>&#916;<textarea name=\"_wpcf7_ak_hp_textarea\" cols=\"45\" rows=\"8\" maxlength=\"100\"><\/textarea><\/label><input type=\"hidden\" id=\"ak_js_1\" name=\"_wpcf7_ak_js\" value=\"249\"\/><script>document.getElementById( \"ak_js_1\" ).setAttribute( \"value\", ( new Date() ).getTime() );<\/script><\/p><div class=\"wpcf7-response-output\" aria-hidden=\"true\"><\/div>\n<\/form>\n<\/div>\n\n\n\n\t\t<\/div>\n\t\t\t\t\t<\/div>\n\n\t\n\n<\/div>\n\n\t\t<\/div>\n\t\t\t\t\t<\/div>\n\n\t\n\n\n<style>\n#row-1560742497 > .col > .col-inner {\n  padding: 40px 40px 40px 40px;\n  background-color: rgb(255,255,255);\n}\n<\/style>\n<\/div>\n\n\t\t<\/div>\n\t\t\t\t\n<style>\n#col-1282580532 > .col-inner {\n  margin: -100px 0px 0px 0px;\n}\n<\/style>\n\t<\/div>\n\n\t\n\n<\/div>\n\n\t\t<\/div>\n\n\t\t\n<style>\n#section_207875970 {\n  padding-top: 30px;\n  padding-bottom: 30px;\n  background-color: rgb(244, 244, 244);\n}\n<\/style>\n\t<\/section>\n\t\n\n","protected":false},"excerpt":{"rendered":"","protected":false},"author":1,"featured_media":0,"parent":0,"menu_order":8,"comment_status":"closed","ping_status":"closed","template":"page-blank.php","meta":{"_acf_changed":false,"_monsterinsights_skip_tracking":false,"_monsterinsights_sitenote_active":false,"_monsterinsights_sitenote_note":"","_monsterinsights_sitenote_category":0,"footnotes":""},"class_list":["post-3053","page","type-page","status-publish","hentry"],"acf":[],"yoast_head":"<!-- This site is optimized with the Yoast SEO plugin v26.7 - https:\/\/yoast.com\/wordpress\/plugins\/seo\/ -->\n<title>Cont\u00e1ctanos - CrediQ Nicaragua<\/title>\n<meta name=\"robots\" content=\"index, follow, max-snippet:-1, max-image-preview:large, max-video-preview:-1\" \/>\n<link rel=\"canonical\" href=\"https:\/\/cqweb.loces.dev\/ni\/contactanos\/\" \/>\n<meta property=\"og:locale\" content=\"es_ES\" \/>\n<meta property=\"og:type\" content=\"article\" \/>\n<meta property=\"og:title\" content=\"Cont\u00e1ctanos - CrediQ Nicaragua\" \/>\n<meta property=\"og:url\" content=\"https:\/\/cqweb.loces.dev\/ni\/contactanos\/\" \/>\n<meta property=\"og:site_name\" content=\"CrediQ Nicaragua\" \/>\n<meta property=\"article:modified_time\" content=\"2022-11-16T17:27:17+00:00\" \/>\n<meta name=\"twitter:card\" content=\"summary_large_image\" \/>\n<meta name=\"twitter:label1\" content=\"Tiempo de lectura\" \/>\n\t<meta name=\"twitter:data1\" content=\"1 minuto\" \/>\n<script type=\"application\/ld+json\" class=\"yoast-schema-graph\">{\"@context\":\"https:\/\/schema.org\",\"@graph\":[{\"@type\":\"WebPage\",\"@id\":\"https:\/\/cqweb.loces.dev\/ni\/contactanos\/\",\"url\":\"https:\/\/cqweb.loces.dev\/ni\/contactanos\/\",\"name\":\"Cont\u00e1ctanos - CrediQ Nicaragua\",\"isPartOf\":{\"@id\":\"https:\/\/cqweb.loces.dev\/ni\/#website\"},\"datePublished\":\"2022-07-19T16:28:14+00:00\",\"dateModified\":\"2022-11-16T17:27:17+00:00\",\"breadcrumb\":{\"@id\":\"https:\/\/cqweb.loces.dev\/ni\/contactanos\/#breadcrumb\"},\"inLanguage\":\"es\",\"potentialAction\":[{\"@type\":\"ReadAction\",\"target\":[\"https:\/\/cqweb.loces.dev\/ni\/contactanos\/\"]}]},{\"@type\":\"BreadcrumbList\",\"@id\":\"https:\/\/cqweb.loces.dev\/ni\/contactanos\/#breadcrumb\",\"itemListElement\":[{\"@type\":\"ListItem\",\"position\":1,\"name\":\"Home\",\"item\":\"https:\/\/cqweb.loces.dev\/ni\/\"},{\"@type\":\"ListItem\",\"position\":2,\"name\":\"Cont\u00e1ctanos\"}]},{\"@type\":\"WebSite\",\"@id\":\"https:\/\/cqweb.loces.dev\/ni\/#website\",\"url\":\"https:\/\/cqweb.loces.dev\/ni\/\",\"name\":\"CrediQ Nicaragua\",\"description\":\"Financiamiento de veh\u00edculos nuevos y usados\",\"potentialAction\":[{\"@type\":\"SearchAction\",\"target\":{\"@type\":\"EntryPoint\",\"urlTemplate\":\"https:\/\/cqweb.loces.dev\/ni\/?s={search_term_string}\"},\"query-input\":{\"@type\":\"PropertyValueSpecification\",\"valueRequired\":true,\"valueName\":\"search_term_string\"}}],\"inLanguage\":\"es\"}]}<\/script>\n<!-- \/ Yoast SEO plugin. -->","yoast_head_json":{"title":"Cont\u00e1ctanos - CrediQ Nicaragua","robots":{"index":"index","follow":"follow","max-snippet":"max-snippet:-1","max-image-preview":"max-image-preview:large","max-video-preview":"max-video-preview:-1"},"canonical":"https:\/\/cqweb.loces.dev\/ni\/contactanos\/","og_locale":"es_ES","og_type":"article","og_title":"Cont\u00e1ctanos - CrediQ Nicaragua","og_url":"https:\/\/cqweb.loces.dev\/ni\/contactanos\/","og_site_name":"CrediQ Nicaragua","article_modified_time":"2022-11-16T17:27:17+00:00","twitter_card":"summary_large_image","twitter_misc":{"Tiempo de lectura":"1 minuto"},"schema":{"@context":"https:\/\/schema.org","@graph":[{"@type":"WebPage","@id":"https:\/\/cqweb.loces.dev\/ni\/contactanos\/","url":"https:\/\/cqweb.loces.dev\/ni\/contactanos\/","name":"Cont\u00e1ctanos - CrediQ Nicaragua","isPartOf":{"@id":"https:\/\/cqweb.loces.dev\/ni\/#website"},"datePublished":"2022-07-19T16:28:14+00:00","dateModified":"2022-11-16T17:27:17+00:00","breadcrumb":{"@id":"https:\/\/cqweb.loces.dev\/ni\/contactanos\/#breadcrumb"},"inLanguage":"es","potentialAction":[{"@type":"ReadAction","target":["https:\/\/cqweb.loces.dev\/ni\/contactanos\/"]}]},{"@type":"BreadcrumbList","@id":"https:\/\/cqweb.loces.dev\/ni\/contactanos\/#breadcrumb","itemListElement":[{"@type":"ListItem","position":1,"name":"Home","item":"https:\/\/cqweb.loces.dev\/ni\/"},{"@type":"ListItem","position":2,"name":"Cont\u00e1ctanos"}]},{"@type":"WebSite","@id":"https:\/\/cqweb.loces.dev\/ni\/#website","url":"https:\/\/cqweb.loces.dev\/ni\/","name":"CrediQ Nicaragua","description":"Financiamiento de veh\u00edculos nuevos y usados","potentialAction":[{"@type":"SearchAction","target":{"@type":"EntryPoint","urlTemplate":"https:\/\/cqweb.loces.dev\/ni\/?s={search_term_string}"},"query-input":{"@type":"PropertyValueSpecification","valueRequired":true,"valueName":"search_term_string"}}],"inLanguage":"es"}]}},"post_mailing_queue_ids":[],"_links":{"self":[{"href":"https:\/\/cqweb.loces.dev\/ni\/wp-json\/wp\/v2\/pages\/3053","targetHints":{"allow":["GET"]}}],"collection":[{"href":"https:\/\/cqweb.loces.dev\/ni\/wp-json\/wp\/v2\/pages"}],"about":[{"href":"https:\/\/cqweb.loces.dev\/ni\/wp-json\/wp\/v2\/types\/page"}],"author":[{"embeddable":true,"href":"https:\/\/cqweb.loces.dev\/ni\/wp-json\/wp\/v2\/users\/1"}],"replies":[{"embeddable":true,"href":"https:\/\/cqweb.loces.dev\/ni\/wp-json\/wp\/v2\/comments?post=3053"}],"version-history":[{"count":7,"href":"https:\/\/cqweb.loces.dev\/ni\/wp-json\/wp\/v2\/pages\/3053\/revisions"}],"predecessor-version":[{"id":3925,"href":"https:\/\/cqweb.loces.dev\/ni\/wp-json\/wp\/v2\/pages\/3053\/revisions\/3925"}],"wp:attachment":[{"href":"https:\/\/cqweb.loces.dev\/ni\/wp-json\/wp\/v2\/media?parent=3053"}],"curies":[{"name":"wp","href":"https:\/\/api.w.org\/{rel}","templated":true}]}}