{"id":3045,"date":"2022-07-19T16:25:24","date_gmt":"2022-07-19T16:25:24","guid":{"rendered":"https:\/\/demo2.loces.dev\/?page_id=3045"},"modified":"2022-10-20T16:22:31","modified_gmt":"2022-10-20T16:22:31","slug":"productos-empresas","status":"publish","type":"page","link":"https:\/\/cqweb.loces.dev\/ni\/productos-empresas\/","title":{"rendered":"Productos Empresas"},"content":{"rendered":"\n\n\t<section class=\"section\" id=\"section_1944836568\">\n\t\t<div class=\"section-bg fill\" >\n\t\t\t\t\t\t\t\t\t\n\t\t\t\n\n\t\t<\/div>\n\n\t\t\n\n\t\t<div class=\"section-content relative\">\n\t\t\t\n\n<div class=\"row row-collapse row-full-width align-middle\"  id=\"row-398452641\">\n\n\n\t<div id=\"col-1259850041\" class=\"col medium-12 large-6\"  >\n\t\t\t\t<div class=\"col-inner\"  >\n\t\t\t\n\t\t\t\n\n\n  <div class=\"banner has-hover\" id=\"banner-345352673\">\n          <div class=\"banner-inner fill\">\n        <div class=\"banner-bg fill\" >\n            <img loading=\"lazy\" decoding=\"async\" width=\"1920\" height=\"1080\" src=\"https:\/\/cqweb.loces.dev\/ni\/wp-content\/uploads\/sites\/5\/2022\/07\/66.jpg\" class=\"bg attachment-original size-original\" alt=\"\" \/>                                    \n                    <\/div>\n\t\t\n        <div class=\"banner-layers container\">\n            <div class=\"fill banner-link\"><\/div>            \n\n\n        <\/div>\n      <\/div>\n\n            \n<style>\n#banner-345352673 {\n  padding-top: 300px;\n  background-color: rgb(255,255,255);\n}\n#banner-345352673 .banner-bg img {\n  object-position: 49% 43%;\n}\n@media (min-width:550px) {\n  #banner-345352673 {\n    padding-top: 500px;\n  }\n}\n@media (min-width:850px) {\n  #banner-345352673 {\n    padding-top: 600px;\n  }\n}\n<\/style>\n  <\/div>\n\n\n\n\t\t<\/div>\n\t\t\t\t\t<\/div>\n\n\t\n\n\t<div id=\"col-4870321\" class=\"col medium-12 large-6\"  >\n\t\t\t\t<div class=\"col-inner\"  >\n\t\t\t\n\t\t\t\n\n\t<div id=\"gap-2026026556\" class=\"gap-element clearfix\" style=\"display:block; height:auto;\">\n\t\t\n<style>\n#gap-2026026556 {\n  padding-top: 30px;\n}\n<\/style>\n\t<\/div>\n\t\n\n\t<div id=\"text-914610679\" class=\"text\">\n\t\t\n\n<h1>Productos para Empresas<\/h1>\n\t\t\n<style>\n#text-914610679 {\n  font-size: 1.05rem;\n  line-height: 1;\n  color: #1769b7;\n}\n#text-914610679 > * {\n  color: #1769b7;\n}\n<\/style>\n\t<\/div>\n\t\n\t<div id=\"text-1293818542\" class=\"text\">\n\t\t\n\n<p><strong>Renueva tu flota empresarial con las mejores soluciones de financiamiento. Con Flexibilidad en planes de pago y agilidad en la aprobaci\u00f3n.<\/strong><\/p>\n<p>Tener una flota eficiente y moderna es clave para el manejo de una operaci\u00f3n log\u00edstica productiva y rentable. CrediQ es la soluci\u00f3n de financiamiento para que adquieras tus veh\u00edculos de trabajo.<\/p>\n\t\t\n<style>\n#text-1293818542 {\n  font-size: 1.05rem;\n}\n<\/style>\n\t<\/div>\n\t\n<a href=\"https:\/\/digital.crediq.com\/calcula-tu-credito\/\" class=\"button secondary\" style=\"border-radius:99px;\">\n\t\t<span>cotizar ahora<\/span>\n\t<\/a>\n\n\n\n\t\t<\/div>\n\t\t\t\t\n<style>\n#col-4870321 > .col-inner {\n  padding: 20px 20px 20px 20px;\n}\n@media (min-width:550px) {\n  #col-4870321 > .col-inner {\n    padding: 30px 50px 40px 50px;\n  }\n}\n@media (min-width:850px) {\n  #col-4870321 > .col-inner {\n    padding: 0px 20% 0px 15%;\n  }\n}\n<\/style>\n\t<\/div>\n\n\t\n\n<\/div>\n\n\t\t<\/div>\n\n\t\t\n<style>\n#section_1944836568 {\n  padding-top: 0px;\n  padding-bottom: 0px;\n}\n<\/style>\n\t<\/section>\n\t\n\n\t<section class=\"section\" id=\"section_631178565\">\n\t\t<div class=\"section-bg fill\" >\n\t\t\t\t\t\t\t\t\t\n\t\t\t\n\n\t\t<\/div>\n\n\t\t\n\n\t\t<div class=\"section-content relative\">\n\t\t\t\n\n\n  <div class=\"banner has-hover\" id=\"banner-894810568\">\n          <div class=\"banner-inner fill\">\n        <div class=\"banner-bg fill\" >\n                                                \n                    <\/div>\n\t\t\n        <div class=\"banner-layers container\">\n            <div class=\"fill banner-link\"><\/div>            \n\n   <div id=\"text-box-1975043796\" class=\"text-box banner-layer x50 md-x50 lg-x50 y50 md-y50 lg-y50 res-text\">\n                                <div class=\"text-box-content text dark\">\n              \n              <div class=\"text-inner text-center\">\n                  \n\n\t<div id=\"text-4181108355\" class=\"text\">\n\t\t\n\n<h3><span style=\"font-size: 100%\"><strong>Soluciones Financieras<\/strong><\/span><\/h3>\n<p>Somos un equipo de profesionales que diariamente nos esforzamos por brindarte soluciones financieras a la medida, para garantizar la satisfacci\u00f3n y lealtad de nuestros clientes.<\/p>\n\t\t\n<style>\n#text-4181108355 {\n  font-size: 1.05rem;\n}\n<\/style>\n\t<\/div>\n\t\n\n              <\/div>\n           <\/div>\n                            \n<style>\n#text-box-1975043796 {\n  width: 74%;\n}\n#text-box-1975043796 .text-box-content {\n  font-size: 100%;\n}\n<\/style>\n    <\/div>\n \n\n        <\/div>\n      <\/div>\n\n            \n<style>\n#banner-894810568 {\n  padding-top: 82%;\n}\n@media (min-width:550px) {\n  #banner-894810568 {\n    padding-top: 15%;\n  }\n}\n<\/style>\n  <\/div>\n\n\n\t<div id=\"gap-692036959\" class=\"gap-element clearfix\" style=\"display:block; height:auto;\">\n\t\t\n<style>\n#gap-692036959 {\n  padding-top: 60px;\n}\n<\/style>\n\t<\/div>\n\t\n\n<div class=\"row\" style=\"max-width:1300px\" id=\"row-1177650799\">\n\n\n\t<div id=\"col-540449808\" class=\"col small-12 large-12\"  >\n\t\t\t\t<div class=\"col-inner text-center\"  >\n\t\t\t\n\t\t\t\n\n\t<div id=\"text-4147741194\" class=\"text\">\n\t\t\n\n<h1><span data-text-color=\"primary\">Para mejorar la operaci\u00f3n de tus negocios<\/span><\/h1>\n<p>Distintas opciones de financiamiento para que renueves tu flota de transporte y veh\u00edculos corporativos. Con <b>CrediQ<\/b>\u00a0encontrar\u00e1s la opci\u00f3n que se acomoda a tu presupuesto.<\/p>\n\t\t\n<style>\n#text-4147741194 {\n  font-size: 1.05rem;\n}\n<\/style>\n\t<\/div>\n\t\n\n\t\t<\/div>\n\t\t\t\t\t<\/div>\n\n\t\n\n<\/div>\n\n\t\t<\/div>\n\n\t\t\n<style>\n#section_631178565 {\n  padding-top: 0px;\n  padding-bottom: 0px;\n}\n<\/style>\n\t<\/section>\n\t\n\n\t<section class=\"section\" id=\"section_1656903642\">\n\t\t<div class=\"section-bg fill\" >\n\t\t\t\t\t\t\t\t\t\n\t\t\t\n\n\t\t<\/div>\n\n\t\t\n\n\t\t<div class=\"section-content relative\">\n\t\t\t\n\n<div class=\"row align-equal align-center\" style=\"max-width:1300px\" id=\"row-600745849\">\n\n\n\t<div id=\"col-1711967168\" class=\"col medium-12 small-12 large-5\"  >\n\t\t\t\t<div class=\"col-inner\"  >\n\t\t\t\n\t\t\t\n\n\t<div class=\"box has-hover   has-hover box-text-bottom\" >\n\n\t\t<div class=\"box-image\" >\n\t\t\t<a href=\"#\" >\t\t\t<div class=\"image-cover\" style=\"padding-top:300px;\">\n\t\t\t\t<img loading=\"lazy\" decoding=\"async\" width=\"1920\" height=\"1080\" src=\"https:\/\/cqweb.loces.dev\/ni\/wp-content\/uploads\/sites\/5\/2022\/07\/09.jpg\" class=\"attachment- size-\" alt=\"\" srcset=\"https:\/\/cqweb.loces.dev\/ni\/wp-content\/uploads\/sites\/5\/2022\/07\/09.jpg 1920w, https:\/\/cqweb.loces.dev\/ni\/wp-content\/uploads\/sites\/5\/2022\/07\/09-300x169.jpg 300w, https:\/\/cqweb.loces.dev\/ni\/wp-content\/uploads\/sites\/5\/2022\/07\/09-1024x576.jpg 1024w, https:\/\/cqweb.loces.dev\/ni\/wp-content\/uploads\/sites\/5\/2022\/07\/09-768x432.jpg 768w, https:\/\/cqweb.loces.dev\/ni\/wp-content\/uploads\/sites\/5\/2022\/07\/09-1536x864.jpg 1536w\" sizes=\"auto, (max-width: 1920px) 100vw, 1920px\" \/>\t\t\t\t\t\t\t\t\t\t\t<\/div>\n\t\t\t<\/a>\t\t<\/div>\n\n\t\t<div class=\"box-text text-center\" >\n\t\t\t<div class=\"box-text-inner\">\n\t\t\t\t\n\n\t<div id=\"text-3562489742\" class=\"text\">\n\t\t\n\n<h2><span data-text-color=\"primary\">Veh\u00edculos Nuevos<\/span><\/h2>\n<hr>\n<p>La mejor opci\u00f3n en financiamiento del mercado para que adquieras el veh\u00edculo nuevo de tu preferencia.<\/p>\n\t\t\n<style>\n#text-3562489742 {\n  font-size: 1.05rem;\n}\n@media (min-width:550px) {\n  #text-3562489742 {\n    font-size: 1.05rem;\n  }\n}\n<\/style>\n\t<\/div>\n\t\n<a href=\"\/ni\/vehiculos-nuevos\/\" class=\"button primary\" style=\"border-radius:99px;\">\n\t\t<span>Conocer m\u00e1s<\/span>\n\t<\/a>\n\n\n\n\t\t\t<\/div>\n\t\t<\/div>\n\t<\/div>\n\t\n\n\t\t<\/div>\n\t\t\t\t\t<\/div>\n\n\t\n\n\t<div id=\"col-384742002\" class=\"col medium-12 small-12 large-5\"  >\n\t\t\t\t<div class=\"col-inner\"  >\n\t\t\t\n\t\t\t\n\n\t<div class=\"box has-hover   has-hover box-text-bottom\" >\n\n\t\t<div class=\"box-image\" >\n\t\t\t<a href=\"#\" >\t\t\t<div class=\"image-cover\" style=\"padding-top:300px;\">\n\t\t\t\t<img loading=\"lazy\" decoding=\"async\" width=\"1920\" height=\"1080\" src=\"https:\/\/cqweb.loces.dev\/ni\/wp-content\/uploads\/sites\/5\/2022\/07\/444.jpg\" class=\"attachment- size-\" alt=\"\" srcset=\"https:\/\/cqweb.loces.dev\/ni\/wp-content\/uploads\/sites\/5\/2022\/07\/444.jpg 1920w, https:\/\/cqweb.loces.dev\/ni\/wp-content\/uploads\/sites\/5\/2022\/07\/444-300x169.jpg 300w, https:\/\/cqweb.loces.dev\/ni\/wp-content\/uploads\/sites\/5\/2022\/07\/444-1024x576.jpg 1024w, https:\/\/cqweb.loces.dev\/ni\/wp-content\/uploads\/sites\/5\/2022\/07\/444-768x432.jpg 768w, https:\/\/cqweb.loces.dev\/ni\/wp-content\/uploads\/sites\/5\/2022\/07\/444-1536x864.jpg 1536w\" sizes=\"auto, (max-width: 1920px) 100vw, 1920px\" \/>\t\t\t\t\t\t\t\t\t\t\t<\/div>\n\t\t\t<\/a>\t\t<\/div>\n\n\t\t<div class=\"box-text text-center\" >\n\t\t\t<div class=\"box-text-inner\">\n\t\t\t\t\n\n\t<div id=\"text-3521076624\" class=\"text\">\n\t\t\n\n<h2><span data-text-color=\"primary\">Veh\u00edculos Usados<\/span><\/h2>\n<hr \/>\n<p>La forma m\u00e1s f\u00e1cil y segura para que adquieras veh\u00edculos usados de GrupoQ.<\/p>\n\t\t\n<style>\n#text-3521076624 {\n  font-size: 1.05rem;\n}\n@media (min-width:550px) {\n  #text-3521076624 {\n    font-size: 1.05rem;\n  }\n}\n<\/style>\n\t<\/div>\n\t\n<a href=\"\/ni\/vehiculos-usados\/\" class=\"button primary\" style=\"border-radius:99px;\">\n\t\t<span>Conocer m\u00e1s<\/span>\n\t<\/a>\n\n\n\n\t\t\t<\/div>\n\t\t<\/div>\n\t<\/div>\n\t\n\n\t\t<\/div>\n\t\t\t\t\t<\/div>\n\n\t\n\n<\/div>\n\n\t\t<\/div>\n\n\t\t\n<style>\n#section_1656903642 {\n  padding-top: 0px;\n  padding-bottom: 0px;\n}\n<\/style>\n\t<\/section>\n\t\n\n  <div class=\"banner has-hover\" id=\"banner-429843043\">\n          <div class=\"banner-inner fill\">\n        <div class=\"banner-bg fill\" >\n            <img loading=\"lazy\" decoding=\"async\" width=\"1920\" height=\"1080\" src=\"https:\/\/cqweb.loces.dev\/ni\/wp-content\/uploads\/sites\/5\/2022\/07\/8888.jpg\" class=\"bg attachment-original size-original\" alt=\"\" \/>                        <div class=\"overlay\"><\/div>            \n                    <\/div>\n\t\t\n        <div class=\"banner-layers container\">\n            <div class=\"fill banner-link\"><\/div>            \n\n   <div id=\"text-box-639111879\" class=\"text-box banner-layer x50 md-x50 lg-x50 y50 md-y50 lg-y50 res-text\">\n                                <div class=\"text-box-content text \">\n              \n              <div class=\"text-inner text-center\">\n                  \n\n<h2><span data-text-color=\"primary\"><strong>Cotizador<\/strong><\/span><\/h2>\n<h3>Calcula la cuota de tu financiamiento<\/h3>\n<p>Cotiza el c\u00e1lculo de la cuota de financiamiento para tu pr\u00f3ximo veh\u00edculo de empresa. Personaliza y descarga un plan de pagos acorde a tu capacidad de pago.<\/p>\n<a href=\"https:\/\/digital.crediq.com\/calcula-tu-credito\/\" class=\"button secondary\" style=\"border-radius:94px;\">\n\t\t<span>cotizar ahora<\/span>\n\t<\/a>\n\n\n\n              <\/div>\n           <\/div>\n                            \n<style>\n#text-box-639111879 {\n  width: 60%;\n}\n#text-box-639111879 .text-box-content {\n  font-size: 100%;\n}\n@media (min-width:550px) {\n  #text-box-639111879 {\n    width: 56%;\n  }\n}\n<\/style>\n    <\/div>\n \n\n        <\/div>\n      <\/div>\n\n            \n<style>\n#banner-429843043 {\n  padding-top: 369px;\n  background-color: rgb(255, 255, 255);\n}\n#banner-429843043 .overlay {\n  background-color: rgba(255, 255, 255, 0.808);\n}\n<\/style>\n  <\/div>\n\n\n\n\t<section class=\"section\" id=\"section_596972713\">\n\t\t<div class=\"section-bg fill\" >\n\t\t\t\t\t\t\t\t\t\n\t\t\t\n\n\t\t<\/div>\n\n\t\t\n\n\t\t<div class=\"section-content relative\">\n\t\t\t\n\n<div class=\"row align-center\"  id=\"row-967056059\">\n\n\n\t<div id=\"col-490327771\" class=\"col medium-11 small-12 large-11\"  >\n\t\t\t\t<div class=\"col-inner\"  >\n\t\t\t\n\t\t\t\n\n\t<div id=\"gap-254514218\" class=\"gap-element clearfix\" style=\"display:block; height:auto;\">\n\t\t\n<style>\n#gap-254514218 {\n  padding-top: 28px;\n}\n@media (min-width:550px) {\n  #gap-254514218 {\n    padding-top: 50px;\n  }\n}\n<\/style>\n\t<\/div>\n\t\n\n\t<div id=\"text-852379573\" class=\"text\">\n\t\t\n\n<h2><span data-text-color=\"primary\"><strong>Cont\u00e1ctanos<\/strong><\/span><\/h2>\n<p class=\"p1\">Solicita informaci\u00f3n de nuestros puntos de contacto, lugares y medios de recepci\u00f3n de pagos, as\u00ed como informaci\u00f3n de tu seguro y otras consultas generales.<\/p>\n\t\t\n<style>\n#text-852379573 {\n  font-size: 1.05rem;\n  text-align: center;\n}\n@media (min-width:550px) {\n  #text-852379573 {\n    font-size: 1.05rem;\n  }\n}\n<\/style>\n\t<\/div>\n\t\n<div class=\"row align-equal\"  id=\"row-1846097270\">\n\n\n\t<div id=\"col-1152451571\" class=\"col medium-6 small-12 large-6\"  >\n\t\t\t\t<div class=\"col-inner text-center\"  >\n\t\t\t\n\t\t\t\n\n\n\t\t<div class=\"icon-box featured-box icon-box-center text-center\"  >\n\t\t\t\t\t<div class=\"icon-box-img\" style=\"width: 60px\">\n\t\t\t\t<div class=\"icon\">\n\t\t\t\t\t<div class=\"icon-inner\" style=\"color:rgb(24, 106, 184);\">\n\t\t\t\t\t\t<img loading=\"lazy\" decoding=\"async\" width=\"300\" height=\"300\" src=\"https:\/\/cqweb.loces.dev\/ni\/wp-content\/uploads\/sites\/5\/2022\/09\/WhatsApp-300x300.png\" class=\"attachment-medium size-medium\" alt=\"\" srcset=\"https:\/\/cqweb.loces.dev\/ni\/wp-content\/uploads\/sites\/5\/2022\/09\/WhatsApp-300x300.png 300w, https:\/\/cqweb.loces.dev\/ni\/wp-content\/uploads\/sites\/5\/2022\/09\/WhatsApp-1024x1024.png 1024w, https:\/\/cqweb.loces.dev\/ni\/wp-content\/uploads\/sites\/5\/2022\/09\/WhatsApp-150x150.png 150w, https:\/\/cqweb.loces.dev\/ni\/wp-content\/uploads\/sites\/5\/2022\/09\/WhatsApp-768x768.png 768w, https:\/\/cqweb.loces.dev\/ni\/wp-content\/uploads\/sites\/5\/2022\/09\/WhatsApp.png 1500w\" sizes=\"auto, (max-width: 300px) 100vw, 300px\" \/>\t\t\t\t\t<\/div>\n\t\t\t\t<\/div>\n\t\t\t<\/div>\n\t\t\t\t<div class=\"icon-box-text last-reset\">\n\t\t\t\t\t\t\t\t\t\n\n<h4>WhatsApp<\/h4>\n<p>Realiza tus consultas o solicita ayuda con asesor de servicio al cliente por medio de nuestro WhatsApp.<\/p>\n\t<div id=\"gap-499196998\" class=\"gap-element clearfix\" style=\"display:block; height:auto;\">\n\t\t\n<style>\n#gap-499196998 {\n  padding-top: 20px;\n}\n<\/style>\n\t<\/div>\n\t\n\n<a href=\"https:\/\/api.whatsapp.com\/send?phone=50558722515&#038;text=Asistente%20Virtual%20CrediQ\" class=\"button secondary\" style=\"border-radius:99px;\">\n\t<i class=\"icon-phone\" aria-hidden=\"true\"><\/i>\t<span>5872 2515<\/span>\n\t<\/a>\n\n\n\n\t\t<\/div>\n\t<\/div>\n\t\n\t\n\n\t\t<\/div>\n\t\t\t\t\n<style>\n#col-1152451571 > .col-inner {\n  border-radius: 50px;\n}\n<\/style>\n\t<\/div>\n\n\t\n\n\t<div id=\"col-1215125671\" class=\"col medium-6 small-12 large-6\"  >\n\t\t\t\t<div class=\"col-inner text-center\"  >\n\t\t\t\n\t\t\t\n\n\n\t\t<div class=\"icon-box featured-box icon-box-center text-center\"  >\n\t\t\t\t\t<div class=\"icon-box-img\" style=\"width: 60px\">\n\t\t\t\t<div class=\"icon\">\n\t\t\t\t\t<div class=\"icon-inner\" >\n\t\t\t\t\t\t<img loading=\"lazy\" decoding=\"async\" width=\"300\" height=\"300\" src=\"https:\/\/cqweb.loces.dev\/ni\/wp-content\/uploads\/sites\/5\/2022\/07\/5664-300x300.png\" class=\"attachment-medium size-medium\" alt=\"\" srcset=\"https:\/\/cqweb.loces.dev\/ni\/wp-content\/uploads\/sites\/5\/2022\/07\/5664-300x300.png 300w, https:\/\/cqweb.loces.dev\/ni\/wp-content\/uploads\/sites\/5\/2022\/07\/5664-150x150.png 150w, https:\/\/cqweb.loces.dev\/ni\/wp-content\/uploads\/sites\/5\/2022\/07\/5664.png 512w\" sizes=\"auto, (max-width: 300px) 100vw, 300px\" \/>\t\t\t\t\t<\/div>\n\t\t\t\t<\/div>\n\t\t\t<\/div>\n\t\t\t\t<div class=\"icon-box-text last-reset\">\n\t\t\t\t\t\t\t\t\t\n\n<h4>Atenci\u00f3n al Cliente<\/h4>\n<p>Nos puedes contactar por diferentes medios con la mejor disposici\u00f3n y flexibilidad de atenci\u00f3n.<\/p>\n\t<div id=\"gap-1453579471\" class=\"gap-element clearfix\" style=\"display:block; height:auto;\">\n\t\t\n<style>\n#gap-1453579471 {\n  padding-top: 20px;\n}\n<\/style>\n\t<\/div>\n\t\n\n\n\t\t<\/div>\n\t<\/div>\n\t\n\t\n<a href=\"\/ni\/contactanos\/\" class=\"button secondary lowercase\" style=\"border-radius:99px;\">\n\t<i class=\"icon-user\" aria-hidden=\"true\"><\/i>\t<span>Contactar<\/span>\n\t<\/a>\n\n\n\n\t\t<\/div>\n\t\t\t\t\n<style>\n#col-1215125671 > .col-inner {\n  border-radius: 50px;\n}\n<\/style>\n\t<\/div>\n\n\t\n\n\n<style>\n#row-1846097270 > .col > .col-inner {\n  padding: 40px 40px 40px 40px;\n  background-color: rgb(255,255,255);\n}\n<\/style>\n<\/div>\n\n\t\t<\/div>\n\t\t\t\t\t<\/div>\n\n\t\n\n<\/div>\n\n\t\t<\/div>\n\n\t\t\n<style>\n#section_596972713 {\n  padding-top: 0px;\n  padding-bottom: 0px;\n  background-color: rgb(244, 244, 244);\n}\n<\/style>\n\t<\/section>\n\t\n\n","protected":false},"excerpt":{"rendered":"","protected":false},"author":1,"featured_media":0,"parent":0,"menu_order":3,"comment_status":"closed","ping_status":"closed","template":"page-blank.php","meta":{"_acf_changed":false,"_monsterinsights_skip_tracking":false,"_monsterinsights_sitenote_active":false,"_monsterinsights_sitenote_note":"","_monsterinsights_sitenote_category":0,"footnotes":""},"class_list":["post-3045","page","type-page","status-publish","hentry"],"acf":[],"yoast_head":"<!-- This site is optimized with the Yoast SEO plugin v26.7 - https:\/\/yoast.com\/wordpress\/plugins\/seo\/ -->\n<title>Productos Empresas - CrediQ Nicaragua<\/title>\n<meta name=\"robots\" content=\"index, follow, max-snippet:-1, max-image-preview:large, max-video-preview:-1\" \/>\n<link rel=\"canonical\" href=\"https:\/\/cqweb.loces.dev\/ni\/productos-empresas\/\" \/>\n<meta property=\"og:locale\" content=\"es_ES\" \/>\n<meta property=\"og:type\" content=\"article\" \/>\n<meta property=\"og:title\" content=\"Productos Empresas - CrediQ Nicaragua\" \/>\n<meta property=\"og:url\" content=\"https:\/\/cqweb.loces.dev\/ni\/productos-empresas\/\" \/>\n<meta property=\"og:site_name\" content=\"CrediQ Nicaragua\" \/>\n<meta property=\"article:modified_time\" content=\"2022-10-20T16:22:31+00:00\" \/>\n<meta name=\"twitter:card\" content=\"summary_large_image\" \/>\n<meta name=\"twitter:label1\" content=\"Tiempo de lectura\" \/>\n\t<meta name=\"twitter:data1\" content=\"3 minutos\" \/>\n<script type=\"application\/ld+json\" class=\"yoast-schema-graph\">{\"@context\":\"https:\/\/schema.org\",\"@graph\":[{\"@type\":\"WebPage\",\"@id\":\"https:\/\/cqweb.loces.dev\/ni\/productos-empresas\/\",\"url\":\"https:\/\/cqweb.loces.dev\/ni\/productos-empresas\/\",\"name\":\"Productos Empresas - CrediQ Nicaragua\",\"isPartOf\":{\"@id\":\"https:\/\/cqweb.loces.dev\/ni\/#website\"},\"datePublished\":\"2022-07-19T16:25:24+00:00\",\"dateModified\":\"2022-10-20T16:22:31+00:00\",\"breadcrumb\":{\"@id\":\"https:\/\/cqweb.loces.dev\/ni\/productos-empresas\/#breadcrumb\"},\"inLanguage\":\"es\",\"potentialAction\":[{\"@type\":\"ReadAction\",\"target\":[\"https:\/\/cqweb.loces.dev\/ni\/productos-empresas\/\"]}]},{\"@type\":\"BreadcrumbList\",\"@id\":\"https:\/\/cqweb.loces.dev\/ni\/productos-empresas\/#breadcrumb\",\"itemListElement\":[{\"@type\":\"ListItem\",\"position\":1,\"name\":\"Home\",\"item\":\"https:\/\/cqweb.loces.dev\/ni\/\"},{\"@type\":\"ListItem\",\"position\":2,\"name\":\"Productos Empresas\"}]},{\"@type\":\"WebSite\",\"@id\":\"https:\/\/cqweb.loces.dev\/ni\/#website\",\"url\":\"https:\/\/cqweb.loces.dev\/ni\/\",\"name\":\"CrediQ Nicaragua\",\"description\":\"Financiamiento de veh\u00edculos nuevos y usados\",\"potentialAction\":[{\"@type\":\"SearchAction\",\"target\":{\"@type\":\"EntryPoint\",\"urlTemplate\":\"https:\/\/cqweb.loces.dev\/ni\/?s={search_term_string}\"},\"query-input\":{\"@type\":\"PropertyValueSpecification\",\"valueRequired\":true,\"valueName\":\"search_term_string\"}}],\"inLanguage\":\"es\"}]}<\/script>\n<!-- \/ Yoast SEO plugin. -->","yoast_head_json":{"title":"Productos Empresas - CrediQ Nicaragua","robots":{"index":"index","follow":"follow","max-snippet":"max-snippet:-1","max-image-preview":"max-image-preview:large","max-video-preview":"max-video-preview:-1"},"canonical":"https:\/\/cqweb.loces.dev\/ni\/productos-empresas\/","og_locale":"es_ES","og_type":"article","og_title":"Productos Empresas - CrediQ Nicaragua","og_url":"https:\/\/cqweb.loces.dev\/ni\/productos-empresas\/","og_site_name":"CrediQ Nicaragua","article_modified_time":"2022-10-20T16:22:31+00:00","twitter_card":"summary_large_image","twitter_misc":{"Tiempo de lectura":"3 minutos"},"schema":{"@context":"https:\/\/schema.org","@graph":[{"@type":"WebPage","@id":"https:\/\/cqweb.loces.dev\/ni\/productos-empresas\/","url":"https:\/\/cqweb.loces.dev\/ni\/productos-empresas\/","name":"Productos Empresas - CrediQ Nicaragua","isPartOf":{"@id":"https:\/\/cqweb.loces.dev\/ni\/#website"},"datePublished":"2022-07-19T16:25:24+00:00","dateModified":"2022-10-20T16:22:31+00:00","breadcrumb":{"@id":"https:\/\/cqweb.loces.dev\/ni\/productos-empresas\/#breadcrumb"},"inLanguage":"es","potentialAction":[{"@type":"ReadAction","target":["https:\/\/cqweb.loces.dev\/ni\/productos-empresas\/"]}]},{"@type":"BreadcrumbList","@id":"https:\/\/cqweb.loces.dev\/ni\/productos-empresas\/#breadcrumb","itemListElement":[{"@type":"ListItem","position":1,"name":"Home","item":"https:\/\/cqweb.loces.dev\/ni\/"},{"@type":"ListItem","position":2,"name":"Productos Empresas"}]},{"@type":"WebSite","@id":"https:\/\/cqweb.loces.dev\/ni\/#website","url":"https:\/\/cqweb.loces.dev\/ni\/","name":"CrediQ Nicaragua","description":"Financiamiento de veh\u00edculos nuevos y usados","potentialAction":[{"@type":"SearchAction","target":{"@type":"EntryPoint","urlTemplate":"https:\/\/cqweb.loces.dev\/ni\/?s={search_term_string}"},"query-input":{"@type":"PropertyValueSpecification","valueRequired":true,"valueName":"search_term_string"}}],"inLanguage":"es"}]}},"post_mailing_queue_ids":[],"_links":{"self":[{"href":"https:\/\/cqweb.loces.dev\/ni\/wp-json\/wp\/v2\/pages\/3045","targetHints":{"allow":["GET"]}}],"collection":[{"href":"https:\/\/cqweb.loces.dev\/ni\/wp-json\/wp\/v2\/pages"}],"about":[{"href":"https:\/\/cqweb.loces.dev\/ni\/wp-json\/wp\/v2\/types\/page"}],"author":[{"embeddable":true,"href":"https:\/\/cqweb.loces.dev\/ni\/wp-json\/wp\/v2\/users\/1"}],"replies":[{"embeddable":true,"href":"https:\/\/cqweb.loces.dev\/ni\/wp-json\/wp\/v2\/comments?post=3045"}],"version-history":[{"count":5,"href":"https:\/\/cqweb.loces.dev\/ni\/wp-json\/wp\/v2\/pages\/3045\/revisions"}],"predecessor-version":[{"id":3860,"href":"https:\/\/cqweb.loces.dev\/ni\/wp-json\/wp\/v2\/pages\/3045\/revisions\/3860"}],"wp:attachment":[{"href":"https:\/\/cqweb.loces.dev\/ni\/wp-json\/wp\/v2\/media?parent=3045"}],"curies":[{"name":"wp","href":"https:\/\/api.w.org\/{rel}","templated":true}]}}