{"id":3043,"date":"2022-07-19T16:24:39","date_gmt":"2022-07-19T16:24:39","guid":{"rendered":"https:\/\/demo2.loces.dev\/?page_id=3043"},"modified":"2022-10-20T16:21:50","modified_gmt":"2022-10-20T16:21:50","slug":"productos-personas","status":"publish","type":"page","link":"https:\/\/cqweb.loces.dev\/ni\/productos-personas\/","title":{"rendered":"Productos Personas"},"content":{"rendered":"\n\n\t<section class=\"section\" id=\"section_567072109\">\n\t\t<div class=\"section-bg fill\" >\n\t\t\t\t\t\t\t\t\t\n\t\t\t\n\n\t\t<\/div>\n\n\t\t\n\n\t\t<div class=\"section-content relative\">\n\t\t\t\n\n<div class=\"row row-collapse row-full-width align-middle\"  id=\"row-624626049\">\n\n\n\t<div id=\"col-1909395455\" class=\"col medium-12 large-6\"  >\n\t\t\t\t<div class=\"col-inner\"  >\n\t\t\t\n\t\t\t\n\n\n  <div class=\"banner has-hover\" id=\"banner-259660714\">\n          <div class=\"banner-inner fill\">\n        <div class=\"banner-bg fill\" >\n            <img loading=\"lazy\" decoding=\"async\" width=\"1920\" height=\"1080\" src=\"https:\/\/cqweb.loces.dev\/ni\/wp-content\/uploads\/sites\/5\/2022\/07\/9898.jpg\" class=\"bg attachment-original size-original\" alt=\"\" \/>                                    \n                    <\/div>\n\t\t\n        <div class=\"banner-layers container\">\n            <div class=\"fill banner-link\"><\/div>            \n\n\n        <\/div>\n      <\/div>\n\n            \n<style>\n#banner-259660714 {\n  padding-top: 300px;\n  background-color: rgb(255,255,255);\n}\n#banner-259660714 .banner-bg img {\n  object-position: 47% 30%;\n}\n@media (min-width:550px) {\n  #banner-259660714 {\n    padding-top: 500px;\n  }\n}\n@media (min-width:850px) {\n  #banner-259660714 {\n    padding-top: 600px;\n  }\n}\n<\/style>\n  <\/div>\n\n\n\n\t\t<\/div>\n\t\t\t\t\t<\/div>\n\n\t\n\n\t<div id=\"col-224625345\" class=\"col medium-12 large-6\"  >\n\t\t\t\t<div class=\"col-inner\"  >\n\t\t\t\n\t\t\t\n\n\t<div id=\"gap-1734630065\" class=\"gap-element clearfix\" style=\"display:block; height:auto;\">\n\t\t\n<style>\n#gap-1734630065 {\n  padding-top: 30px;\n}\n<\/style>\n\t<\/div>\n\t\n\n\t<div id=\"text-2343561569\" class=\"text\">\n\t\t\n\n<h1>Productos para Personas<\/h1>\n\t\t\n<style>\n#text-2343561569 {\n  font-size: 1.05rem;\n  line-height: 1;\n  color: #1769b7;\n}\n#text-2343561569 > * {\n  color: #1769b7;\n}\n<\/style>\n\t<\/div>\n\t\n\t<div id=\"text-1739340895\" class=\"text\">\n\t\t\n\n<p><strong>Los mejores productos financieros del mercado para que adquieras el veh\u00edculo de tu preferencia. Con Flexibilidad en planes de pago y agilidad en la aprobaci\u00f3n.<\/strong><\/p>\n<p>CrediQ es la respuesta para el financiamiento del veh\u00edculo que siempre so\u00f1aste. Usado o nuevo, carro o moto, tu escoges el veh\u00edculo que mejor se acomode a tus necesidades, nosotros te financiamos con el plan que se ajuste a tu bolsillo.<\/p>\n\t\t\n<style>\n#text-1739340895 {\n  font-size: 1.05rem;\n}\n<\/style>\n\t<\/div>\n\t\n<a href=\"https:\/\/digital.crediq.com\/calcula-tu-credito\/\" class=\"button secondary\" style=\"border-radius:99px;\">\n\t\t<span>cotizar ahora<\/span>\n\t<\/a>\n\n\n\n\t\t<\/div>\n\t\t\t\t\n<style>\n#col-224625345 > .col-inner {\n  padding: 20px 20px 20px 20px;\n}\n@media (min-width:550px) {\n  #col-224625345 > .col-inner {\n    padding: 30px 50px 40px 50px;\n  }\n}\n@media (min-width:850px) {\n  #col-224625345 > .col-inner {\n    padding: 0px 20% 0px 15%;\n  }\n}\n<\/style>\n\t<\/div>\n\n\t\n\n<\/div>\n\n\t\t<\/div>\n\n\t\t\n<style>\n#section_567072109 {\n  padding-top: 0px;\n  padding-bottom: 0px;\n}\n<\/style>\n\t<\/section>\n\t\n\n\t<section class=\"section\" id=\"section_387068929\">\n\t\t<div class=\"section-bg fill\" >\n\t\t\t\t\t\t\t\t\t\n\t\t\t\n\n\t\t<\/div>\n\n\t\t\n\n\t\t<div class=\"section-content relative\">\n\t\t\t\n\n\n  <div class=\"banner has-hover\" id=\"banner-368256723\">\n          <div class=\"banner-inner fill\">\n        <div class=\"banner-bg fill\" >\n                                                \n                    <\/div>\n\t\t\n        <div class=\"banner-layers container\">\n            <div class=\"fill banner-link\"><\/div>            \n\n   <div id=\"text-box-739145805\" class=\"text-box banner-layer x50 md-x50 lg-x50 y50 md-y50 lg-y50 res-text\">\n                                <div class=\"text-box-content text dark\">\n              \n              <div class=\"text-inner text-center\">\n                  \n\n\t<div id=\"text-2633624767\" class=\"text\">\n\t\t\n\n<h3><span style=\"font-size: 100%\"><strong>Soluciones Financieras<\/strong><\/span><\/h3>\n<p>Somos un equipo de profesionales que diariamente nos esforzamos por brindarte soluciones financieras a la medida, para garantizar la satisfacci\u00f3n y lealtad de nuestros clientes.<\/p>\n\t\t\n<style>\n#text-2633624767 {\n  font-size: 1.05rem;\n}\n<\/style>\n\t<\/div>\n\t\n\n              <\/div>\n           <\/div>\n                            \n<style>\n#text-box-739145805 {\n  width: 74%;\n}\n#text-box-739145805 .text-box-content {\n  font-size: 100%;\n}\n<\/style>\n    <\/div>\n \n\n        <\/div>\n      <\/div>\n\n            \n<style>\n#banner-368256723 {\n  padding-top: 82%;\n}\n@media (min-width:550px) {\n  #banner-368256723 {\n    padding-top: 15%;\n  }\n}\n<\/style>\n  <\/div>\n\n\n\t<div id=\"gap-1168643993\" class=\"gap-element clearfix\" style=\"display:block; height:auto;\">\n\t\t\n<style>\n#gap-1168643993 {\n  padding-top: 60px;\n}\n<\/style>\n\t<\/div>\n\t\n\n<div class=\"row\" style=\"max-width:1300px\" id=\"row-29561924\">\n\n\n\t<div id=\"col-1002808405\" class=\"col small-12 large-12\"  >\n\t\t\t\t<div class=\"col-inner text-center\"  >\n\t\t\t\n\t\t\t\n\n\t<div id=\"text-4067108239\" class=\"text\">\n\t\t\n\n<h1><span data-text-color=\"primary\">Para tu veh\u00edculo personal<\/span><\/h1>\n<p>Haz realidad tu sue\u00f1o de adquirir un veh\u00edculo o una moto, gracias a nuestras opciones de financiamiento.<\/p>\n\t\t\n<style>\n#text-4067108239 {\n  font-size: 1.05rem;\n}\n<\/style>\n\t<\/div>\n\t\n\n\t\t<\/div>\n\t\t\t\t\t<\/div>\n\n\t\n\n<\/div>\n\n\t\t<\/div>\n\n\t\t\n<style>\n#section_387068929 {\n  padding-top: 0px;\n  padding-bottom: 0px;\n}\n<\/style>\n\t<\/section>\n\t\n\n\t<section class=\"section\" id=\"section_653931609\">\n\t\t<div class=\"section-bg fill\" >\n\t\t\t\t\t\t\t\t\t\n\t\t\t\n\n\t\t<\/div>\n\n\t\t\n\n\t\t<div class=\"section-content relative\">\n\t\t\t\n\n<div class=\"row align-equal align-center\" style=\"max-width:1300px\" id=\"row-1910649390\">\n\n\n\t<div id=\"col-1205785080\" class=\"col medium-12 small-12 large-4\"  >\n\t\t\t\t<div class=\"col-inner\"  >\n\t\t\t\n\t\t\t\n\n\t<div class=\"box has-hover   has-hover box-text-bottom\" >\n\n\t\t<div class=\"box-image\" >\n\t\t\t<a href=\"#\" >\t\t\t<div class=\"image-cover\" style=\"padding-top:300px;\">\n\t\t\t\t<img loading=\"lazy\" decoding=\"async\" width=\"1920\" height=\"1080\" src=\"https:\/\/cqweb.loces.dev\/ni\/wp-content\/uploads\/sites\/5\/2022\/07\/1111.jpg\" class=\"attachment- size-\" alt=\"\" srcset=\"https:\/\/cqweb.loces.dev\/ni\/wp-content\/uploads\/sites\/5\/2022\/07\/1111.jpg 1920w, https:\/\/cqweb.loces.dev\/ni\/wp-content\/uploads\/sites\/5\/2022\/07\/1111-300x169.jpg 300w, https:\/\/cqweb.loces.dev\/ni\/wp-content\/uploads\/sites\/5\/2022\/07\/1111-1024x576.jpg 1024w, https:\/\/cqweb.loces.dev\/ni\/wp-content\/uploads\/sites\/5\/2022\/07\/1111-768x432.jpg 768w, https:\/\/cqweb.loces.dev\/ni\/wp-content\/uploads\/sites\/5\/2022\/07\/1111-1536x864.jpg 1536w\" sizes=\"auto, (max-width: 1920px) 100vw, 1920px\" \/>\t\t\t\t\t\t\t\t\t\t\t<\/div>\n\t\t\t<\/a>\t\t<\/div>\n\n\t\t<div class=\"box-text text-center\" >\n\t\t\t<div class=\"box-text-inner\">\n\t\t\t\t\n\n\t<div id=\"text-3182408087\" class=\"text\">\n\t\t\n\n<h2><span data-text-color=\"primary\">Veh\u00edculos Nuevos<\/span><\/h2>\n<hr>\n<p>La mejor opci\u00f3n en financiamiento del mercado para que adquieras el veh\u00edculo nuevo de tu preferencia.<\/p>\n\t\t\n<style>\n#text-3182408087 {\n  font-size: 1.05rem;\n}\n@media (min-width:550px) {\n  #text-3182408087 {\n    font-size: 1.05rem;\n  }\n}\n<\/style>\n\t<\/div>\n\t\n<a href=\"\/ni\/vehiculos-nuevos\/\" class=\"button primary\" style=\"border-radius:99px;\">\n\t\t<span>Conocer m\u00e1s<\/span>\n\t<\/a>\n\n\n\n\t\t\t<\/div>\n\t\t<\/div>\n\t<\/div>\n\t\n\n\t\t<\/div>\n\t\t\t\t\t<\/div>\n\n\t\n\n\t<div id=\"col-2084993059\" class=\"col medium-12 small-12 large-4\"  >\n\t\t\t\t<div class=\"col-inner\"  >\n\t\t\t\n\t\t\t\n\n\t<div class=\"box has-hover   has-hover box-text-bottom\" >\n\n\t\t<div class=\"box-image\" >\n\t\t\t<a href=\"#\" >\t\t\t<div class=\"image-cover\" style=\"padding-top:300px;\">\n\t\t\t\t<img loading=\"lazy\" decoding=\"async\" width=\"1920\" height=\"1080\" src=\"https:\/\/cqweb.loces.dev\/ni\/wp-content\/uploads\/sites\/5\/2022\/07\/wer.jpg\" class=\"attachment- size-\" alt=\"\" srcset=\"https:\/\/cqweb.loces.dev\/ni\/wp-content\/uploads\/sites\/5\/2022\/07\/wer.jpg 1920w, https:\/\/cqweb.loces.dev\/ni\/wp-content\/uploads\/sites\/5\/2022\/07\/wer-300x169.jpg 300w, https:\/\/cqweb.loces.dev\/ni\/wp-content\/uploads\/sites\/5\/2022\/07\/wer-1024x576.jpg 1024w, https:\/\/cqweb.loces.dev\/ni\/wp-content\/uploads\/sites\/5\/2022\/07\/wer-768x432.jpg 768w, https:\/\/cqweb.loces.dev\/ni\/wp-content\/uploads\/sites\/5\/2022\/07\/wer-1536x864.jpg 1536w\" sizes=\"auto, (max-width: 1920px) 100vw, 1920px\" \/>\t\t\t\t\t\t\t\t\t\t\t<\/div>\n\t\t\t<\/a>\t\t<\/div>\n\n\t\t<div class=\"box-text text-center\" >\n\t\t\t<div class=\"box-text-inner\">\n\t\t\t\t\n\n\t<div id=\"text-4051933715\" class=\"text\">\n\t\t\n\n<h2><span data-text-color=\"primary\">Veh\u00edculos Usados<\/span><\/h2>\n<hr \/>\n<p>La forma m\u00e1s f\u00e1cil y segura para que adquieras veh\u00edculos usados de GrupoQ.<\/p>\n\t\t\n<style>\n#text-4051933715 {\n  font-size: 1.05rem;\n}\n@media (min-width:550px) {\n  #text-4051933715 {\n    font-size: 1.05rem;\n  }\n}\n<\/style>\n\t<\/div>\n\t\n\t<div id=\"gap-2037475473\" class=\"gap-element clearfix\" style=\"display:block; height:auto;\">\n\t\t\n<style>\n#gap-2037475473 {\n  padding-top: 26px;\n}\n<\/style>\n\t<\/div>\n\t\n\n<a href=\"\/ni\/vehiculos-usados\/\" class=\"button primary\" style=\"border-radius:99px;\">\n\t\t<span>Conocer m\u00e1s<\/span>\n\t<\/a>\n\n\n\n\t\t\t<\/div>\n\t\t<\/div>\n\t<\/div>\n\t\n\n\t\t<\/div>\n\t\t\t\t\t<\/div>\n\n\t\n\n\t<div id=\"col-124105462\" class=\"col medium-12 small-12 large-4\"  >\n\t\t\t\t<div class=\"col-inner\"  >\n\t\t\t\n\t\t\t\n\n\t<div class=\"box has-hover   has-hover box-text-bottom\" >\n\n\t\t<div class=\"box-image\" >\n\t\t\t<a href=\"#\" >\t\t\t<div class=\"image-cover\" style=\"padding-top:300px;\">\n\t\t\t\t<img loading=\"lazy\" decoding=\"async\" width=\"1200\" height=\"740\" src=\"https:\/\/cqweb.loces.dev\/ni\/wp-content\/uploads\/sites\/5\/2022\/07\/TVS-RTR-200-Fi-ruta.jpeg\" class=\"attachment- size-\" alt=\"\" srcset=\"https:\/\/cqweb.loces.dev\/ni\/wp-content\/uploads\/sites\/5\/2022\/07\/TVS-RTR-200-Fi-ruta.jpeg 1200w, https:\/\/cqweb.loces.dev\/ni\/wp-content\/uploads\/sites\/5\/2022\/07\/TVS-RTR-200-Fi-ruta-300x185.jpeg 300w, https:\/\/cqweb.loces.dev\/ni\/wp-content\/uploads\/sites\/5\/2022\/07\/TVS-RTR-200-Fi-ruta-1024x631.jpeg 1024w, https:\/\/cqweb.loces.dev\/ni\/wp-content\/uploads\/sites\/5\/2022\/07\/TVS-RTR-200-Fi-ruta-768x474.jpeg 768w\" sizes=\"auto, (max-width: 1200px) 100vw, 1200px\" \/>\t\t\t\t\t\t\t\t\t\t\t<\/div>\n\t\t\t<\/a>\t\t<\/div>\n\n\t\t<div class=\"box-text text-center\" >\n\t\t\t<div class=\"box-text-inner\">\n\t\t\t\t\n\n\t<div id=\"text-3644659920\" class=\"text\">\n\t\t\n\n<h2><span data-text-color=\"primary\">Motocicletas<\/span><\/h2>\n<hr>\n<p>Financiamiento de motocicletas para uso personal y comercial.<\/p>\n\t\t\n<style>\n#text-3644659920 {\n  font-size: 1.05rem;\n}\n<\/style>\n\t<\/div>\n\t\n\t<div id=\"gap-251008425\" class=\"gap-element clearfix\" style=\"display:block; height:auto;\">\n\t\t\n<style>\n#gap-251008425 {\n  padding-top: 26px;\n}\n<\/style>\n\t<\/div>\n\t\n\n<a href=\"\/ni\/motocicletas\/\" class=\"button primary\" style=\"border-radius:99px;\">\n\t\t<span>Conocer m\u00e1s<\/span>\n\t<\/a>\n\n\n\n\t\t\t<\/div>\n\t\t<\/div>\n\t<\/div>\n\t\n\n\t\t<\/div>\n\t\t\t\t\t<\/div>\n\n\t\n\n<\/div>\n\n\t\t<\/div>\n\n\t\t\n<style>\n#section_653931609 {\n  padding-top: 0px;\n  padding-bottom: 0px;\n}\n<\/style>\n\t<\/section>\n\t\n\n  <div class=\"banner has-hover\" id=\"banner-1785498006\">\n          <div class=\"banner-inner fill\">\n        <div class=\"banner-bg fill\" >\n            <img loading=\"lazy\" decoding=\"async\" width=\"1920\" height=\"1080\" src=\"https:\/\/cqweb.loces.dev\/ni\/wp-content\/uploads\/sites\/5\/2022\/07\/8888.jpg\" class=\"bg attachment-original size-original\" alt=\"\" \/>                        <div class=\"overlay\"><\/div>            \n                    <\/div>\n\t\t\n        <div class=\"banner-layers container\">\n            <div class=\"fill banner-link\"><\/div>            \n\n   <div id=\"text-box-883550646\" class=\"text-box banner-layer x50 md-x50 lg-x50 y50 md-y50 lg-y50 res-text\">\n                                <div class=\"text-box-content text \">\n              \n              <div class=\"text-inner text-center\">\n                  \n\n<h2><span data-text-color=\"primary\"><strong>Cotizador<\/strong><\/span><\/h2>\n<h3>Calcula el plan de pagos de tu pr\u00f3ximo veh\u00edculo<\/h3>\n<p>Cotiza el c\u00e1lculo de la cuota de financiamiento de tu pr\u00f3ximo veh\u00edculo. Personaliza y descarga un plan de pagos acorde a tu capacidad de pago.<\/p>\n<a href=\"https:\/\/digital.crediq.com\/calcula-tu-credito\/\" class=\"button secondary\" style=\"border-radius:94px;\">\n\t\t<span>cotizar ahora<\/span>\n\t<\/a>\n\n\n\n              <\/div>\n           <\/div>\n                            \n<style>\n#text-box-883550646 {\n  width: 60%;\n}\n#text-box-883550646 .text-box-content {\n  font-size: 100%;\n}\n@media (min-width:550px) {\n  #text-box-883550646 {\n    width: 68%;\n  }\n}\n<\/style>\n    <\/div>\n \n\n        <\/div>\n      <\/div>\n\n            \n<style>\n#banner-1785498006 {\n  padding-top: 369px;\n  background-color: rgb(255, 255, 255);\n}\n#banner-1785498006 .overlay {\n  background-color: rgba(255, 255, 255, 0.808);\n}\n<\/style>\n  <\/div>\n\n\n\n\t<section class=\"section\" id=\"section_491531044\">\n\t\t<div class=\"section-bg fill\" >\n\t\t\t\t\t\t\t\t\t\n\t\t\t\n\n\t\t<\/div>\n\n\t\t\n\n\t\t<div class=\"section-content relative\">\n\t\t\t\n\n<div class=\"row align-center\"  id=\"row-660058776\">\n\n\n\t<div id=\"col-984962078\" class=\"col medium-11 small-12 large-11\"  >\n\t\t\t\t<div class=\"col-inner\"  >\n\t\t\t\n\t\t\t\n\n\t<div id=\"gap-1936614320\" class=\"gap-element clearfix\" style=\"display:block; height:auto;\">\n\t\t\n<style>\n#gap-1936614320 {\n  padding-top: 28px;\n}\n@media (min-width:550px) {\n  #gap-1936614320 {\n    padding-top: 50px;\n  }\n}\n<\/style>\n\t<\/div>\n\t\n\n\t<div id=\"text-1376545583\" class=\"text\">\n\t\t\n\n<h2><span data-text-color=\"primary\"><strong>Cont\u00e1ctanos<\/strong><\/span><\/h2>\n<p class=\"p1\">Solicita informaci\u00f3n de nuestros puntos de contacto, lugares y medios de recepci\u00f3n de pagos, as\u00ed como informaci\u00f3n de tu seguro y otras consultas generales.<\/p>\n\t\t\n<style>\n#text-1376545583 {\n  font-size: 1.05rem;\n  text-align: center;\n}\n@media (min-width:550px) {\n  #text-1376545583 {\n    font-size: 1.05rem;\n  }\n}\n<\/style>\n\t<\/div>\n\t\n<div class=\"row align-equal\"  id=\"row-1532470053\">\n\n\n\t<div id=\"col-989025189\" class=\"col medium-6 small-12 large-6\"  >\n\t\t\t\t<div class=\"col-inner text-center\"  >\n\t\t\t\n\t\t\t\n\n\n\t\t<div class=\"icon-box featured-box icon-box-center text-center\"  >\n\t\t\t\t\t<div class=\"icon-box-img\" style=\"width: 60px\">\n\t\t\t\t<div class=\"icon\">\n\t\t\t\t\t<div class=\"icon-inner\" style=\"color:rgb(24, 106, 184);\">\n\t\t\t\t\t\t<img loading=\"lazy\" decoding=\"async\" width=\"300\" height=\"300\" src=\"https:\/\/cqweb.loces.dev\/ni\/wp-content\/uploads\/sites\/5\/2022\/09\/WhatsApp-300x300.png\" class=\"attachment-medium size-medium\" alt=\"\" srcset=\"https:\/\/cqweb.loces.dev\/ni\/wp-content\/uploads\/sites\/5\/2022\/09\/WhatsApp-300x300.png 300w, https:\/\/cqweb.loces.dev\/ni\/wp-content\/uploads\/sites\/5\/2022\/09\/WhatsApp-1024x1024.png 1024w, https:\/\/cqweb.loces.dev\/ni\/wp-content\/uploads\/sites\/5\/2022\/09\/WhatsApp-150x150.png 150w, https:\/\/cqweb.loces.dev\/ni\/wp-content\/uploads\/sites\/5\/2022\/09\/WhatsApp-768x768.png 768w, https:\/\/cqweb.loces.dev\/ni\/wp-content\/uploads\/sites\/5\/2022\/09\/WhatsApp.png 1500w\" sizes=\"auto, (max-width: 300px) 100vw, 300px\" \/>\t\t\t\t\t<\/div>\n\t\t\t\t<\/div>\n\t\t\t<\/div>\n\t\t\t\t<div class=\"icon-box-text last-reset\">\n\t\t\t\t\t\t\t\t\t\n\n<h4>WhatsApp<\/h4>\n<p>Realiza tus consultas o solicita ayuda con asesor de servicio al cliente por medio de nuestro WhatsApp.<\/p>\n\t<div id=\"gap-1737905923\" class=\"gap-element clearfix\" style=\"display:block; height:auto;\">\n\t\t\n<style>\n#gap-1737905923 {\n  padding-top: 20px;\n}\n<\/style>\n\t<\/div>\n\t\n\n<a href=\"https:\/\/api.whatsapp.com\/send?phone=50558722515&#038;text=Asistente%20Virtual%20CrediQ\" class=\"button secondary\" style=\"border-radius:99px;\">\n\t<i class=\"icon-phone\" aria-hidden=\"true\"><\/i>\t<span>5872 2515<\/span>\n\t<\/a>\n\n\n\n\t\t<\/div>\n\t<\/div>\n\t\n\t\n\n\t\t<\/div>\n\t\t\t\t\n<style>\n#col-989025189 > .col-inner {\n  border-radius: 50px;\n}\n<\/style>\n\t<\/div>\n\n\t\n\n\t<div id=\"col-1899045538\" class=\"col medium-6 small-12 large-6\"  >\n\t\t\t\t<div class=\"col-inner text-center\"  >\n\t\t\t\n\t\t\t\n\n\n\t\t<div class=\"icon-box featured-box icon-box-center text-center\"  >\n\t\t\t\t\t<div class=\"icon-box-img\" style=\"width: 60px\">\n\t\t\t\t<div class=\"icon\">\n\t\t\t\t\t<div class=\"icon-inner\" >\n\t\t\t\t\t\t<img loading=\"lazy\" decoding=\"async\" width=\"300\" height=\"300\" src=\"https:\/\/cqweb.loces.dev\/ni\/wp-content\/uploads\/sites\/5\/2022\/07\/5664-300x300.png\" class=\"attachment-medium size-medium\" alt=\"\" srcset=\"https:\/\/cqweb.loces.dev\/ni\/wp-content\/uploads\/sites\/5\/2022\/07\/5664-300x300.png 300w, https:\/\/cqweb.loces.dev\/ni\/wp-content\/uploads\/sites\/5\/2022\/07\/5664-150x150.png 150w, https:\/\/cqweb.loces.dev\/ni\/wp-content\/uploads\/sites\/5\/2022\/07\/5664.png 512w\" sizes=\"auto, (max-width: 300px) 100vw, 300px\" \/>\t\t\t\t\t<\/div>\n\t\t\t\t<\/div>\n\t\t\t<\/div>\n\t\t\t\t<div class=\"icon-box-text last-reset\">\n\t\t\t\t\t\t\t\t\t\n\n<h4>Atenci\u00f3n al Cliente<\/h4>\n<p>Nos puedes contactar por diferentes medios con la mejor disposici\u00f3n y flexibilidad de atenci\u00f3n.<\/p>\n\t<div id=\"gap-925547300\" class=\"gap-element clearfix\" style=\"display:block; height:auto;\">\n\t\t\n<style>\n#gap-925547300 {\n  padding-top: 20px;\n}\n<\/style>\n\t<\/div>\n\t\n\n\n\t\t<\/div>\n\t<\/div>\n\t\n\t\n<a href=\"\/ni\/contactanos\/\" class=\"button secondary lowercase\" style=\"border-radius:99px;\">\n\t<i class=\"icon-user\" aria-hidden=\"true\"><\/i>\t<span>Contactar<\/span>\n\t<\/a>\n\n\n\n\t\t<\/div>\n\t\t\t\t\n<style>\n#col-1899045538 > .col-inner {\n  border-radius: 50px;\n}\n<\/style>\n\t<\/div>\n\n\t\n\n\n<style>\n#row-1532470053 > .col > .col-inner {\n  padding: 40px 40px 40px 40px;\n  background-color: rgb(255,255,255);\n}\n<\/style>\n<\/div>\n\n\t\t<\/div>\n\t\t\t\t\t<\/div>\n\n\t\n\n<\/div>\n\n\t\t<\/div>\n\n\t\t\n<style>\n#section_491531044 {\n  padding-top: 0px;\n  padding-bottom: 0px;\n  background-color: rgb(244, 244, 244);\n}\n<\/style>\n\t<\/section>\n\t\n\n","protected":false},"excerpt":{"rendered":"","protected":false},"author":1,"featured_media":0,"parent":0,"menu_order":2,"comment_status":"closed","ping_status":"closed","template":"page-blank.php","meta":{"_acf_changed":false,"_monsterinsights_skip_tracking":false,"_monsterinsights_sitenote_active":false,"_monsterinsights_sitenote_note":"","_monsterinsights_sitenote_category":0,"footnotes":""},"class_list":["post-3043","page","type-page","status-publish","hentry"],"acf":[],"yoast_head":"<!-- This site is optimized with the Yoast SEO plugin v26.7 - https:\/\/yoast.com\/wordpress\/plugins\/seo\/ -->\n<title>Productos Personas - CrediQ Nicaragua<\/title>\n<meta name=\"robots\" content=\"index, follow, max-snippet:-1, max-image-preview:large, max-video-preview:-1\" \/>\n<link rel=\"canonical\" href=\"https:\/\/cqweb.loces.dev\/ni\/productos-personas\/\" \/>\n<meta property=\"og:locale\" content=\"es_ES\" \/>\n<meta property=\"og:type\" content=\"article\" \/>\n<meta property=\"og:title\" content=\"Productos Personas - CrediQ Nicaragua\" \/>\n<meta property=\"og:url\" content=\"https:\/\/cqweb.loces.dev\/ni\/productos-personas\/\" \/>\n<meta property=\"og:site_name\" content=\"CrediQ Nicaragua\" \/>\n<meta property=\"article:modified_time\" content=\"2022-10-20T16:21:50+00:00\" \/>\n<meta name=\"twitter:card\" content=\"summary_large_image\" \/>\n<meta name=\"twitter:label1\" content=\"Tiempo de lectura\" \/>\n\t<meta name=\"twitter:data1\" content=\"4 minutos\" \/>\n<script type=\"application\/ld+json\" class=\"yoast-schema-graph\">{\"@context\":\"https:\/\/schema.org\",\"@graph\":[{\"@type\":\"WebPage\",\"@id\":\"https:\/\/cqweb.loces.dev\/ni\/productos-personas\/\",\"url\":\"https:\/\/cqweb.loces.dev\/ni\/productos-personas\/\",\"name\":\"Productos Personas - CrediQ Nicaragua\",\"isPartOf\":{\"@id\":\"https:\/\/cqweb.loces.dev\/ni\/#website\"},\"datePublished\":\"2022-07-19T16:24:39+00:00\",\"dateModified\":\"2022-10-20T16:21:50+00:00\",\"breadcrumb\":{\"@id\":\"https:\/\/cqweb.loces.dev\/ni\/productos-personas\/#breadcrumb\"},\"inLanguage\":\"es\",\"potentialAction\":[{\"@type\":\"ReadAction\",\"target\":[\"https:\/\/cqweb.loces.dev\/ni\/productos-personas\/\"]}]},{\"@type\":\"BreadcrumbList\",\"@id\":\"https:\/\/cqweb.loces.dev\/ni\/productos-personas\/#breadcrumb\",\"itemListElement\":[{\"@type\":\"ListItem\",\"position\":1,\"name\":\"Home\",\"item\":\"https:\/\/cqweb.loces.dev\/ni\/\"},{\"@type\":\"ListItem\",\"position\":2,\"name\":\"Productos Personas\"}]},{\"@type\":\"WebSite\",\"@id\":\"https:\/\/cqweb.loces.dev\/ni\/#website\",\"url\":\"https:\/\/cqweb.loces.dev\/ni\/\",\"name\":\"CrediQ Nicaragua\",\"description\":\"Financiamiento de veh\u00edculos nuevos y usados\",\"potentialAction\":[{\"@type\":\"SearchAction\",\"target\":{\"@type\":\"EntryPoint\",\"urlTemplate\":\"https:\/\/cqweb.loces.dev\/ni\/?s={search_term_string}\"},\"query-input\":{\"@type\":\"PropertyValueSpecification\",\"valueRequired\":true,\"valueName\":\"search_term_string\"}}],\"inLanguage\":\"es\"}]}<\/script>\n<!-- \/ Yoast SEO plugin. -->","yoast_head_json":{"title":"Productos Personas - CrediQ Nicaragua","robots":{"index":"index","follow":"follow","max-snippet":"max-snippet:-1","max-image-preview":"max-image-preview:large","max-video-preview":"max-video-preview:-1"},"canonical":"https:\/\/cqweb.loces.dev\/ni\/productos-personas\/","og_locale":"es_ES","og_type":"article","og_title":"Productos Personas - CrediQ Nicaragua","og_url":"https:\/\/cqweb.loces.dev\/ni\/productos-personas\/","og_site_name":"CrediQ Nicaragua","article_modified_time":"2022-10-20T16:21:50+00:00","twitter_card":"summary_large_image","twitter_misc":{"Tiempo de lectura":"4 minutos"},"schema":{"@context":"https:\/\/schema.org","@graph":[{"@type":"WebPage","@id":"https:\/\/cqweb.loces.dev\/ni\/productos-personas\/","url":"https:\/\/cqweb.loces.dev\/ni\/productos-personas\/","name":"Productos Personas - CrediQ Nicaragua","isPartOf":{"@id":"https:\/\/cqweb.loces.dev\/ni\/#website"},"datePublished":"2022-07-19T16:24:39+00:00","dateModified":"2022-10-20T16:21:50+00:00","breadcrumb":{"@id":"https:\/\/cqweb.loces.dev\/ni\/productos-personas\/#breadcrumb"},"inLanguage":"es","potentialAction":[{"@type":"ReadAction","target":["https:\/\/cqweb.loces.dev\/ni\/productos-personas\/"]}]},{"@type":"BreadcrumbList","@id":"https:\/\/cqweb.loces.dev\/ni\/productos-personas\/#breadcrumb","itemListElement":[{"@type":"ListItem","position":1,"name":"Home","item":"https:\/\/cqweb.loces.dev\/ni\/"},{"@type":"ListItem","position":2,"name":"Productos Personas"}]},{"@type":"WebSite","@id":"https:\/\/cqweb.loces.dev\/ni\/#website","url":"https:\/\/cqweb.loces.dev\/ni\/","name":"CrediQ Nicaragua","description":"Financiamiento de veh\u00edculos nuevos y usados","potentialAction":[{"@type":"SearchAction","target":{"@type":"EntryPoint","urlTemplate":"https:\/\/cqweb.loces.dev\/ni\/?s={search_term_string}"},"query-input":{"@type":"PropertyValueSpecification","valueRequired":true,"valueName":"search_term_string"}}],"inLanguage":"es"}]}},"post_mailing_queue_ids":[],"_links":{"self":[{"href":"https:\/\/cqweb.loces.dev\/ni\/wp-json\/wp\/v2\/pages\/3043","targetHints":{"allow":["GET"]}}],"collection":[{"href":"https:\/\/cqweb.loces.dev\/ni\/wp-json\/wp\/v2\/pages"}],"about":[{"href":"https:\/\/cqweb.loces.dev\/ni\/wp-json\/wp\/v2\/types\/page"}],"author":[{"embeddable":true,"href":"https:\/\/cqweb.loces.dev\/ni\/wp-json\/wp\/v2\/users\/1"}],"replies":[{"embeddable":true,"href":"https:\/\/cqweb.loces.dev\/ni\/wp-json\/wp\/v2\/comments?post=3043"}],"version-history":[{"count":5,"href":"https:\/\/cqweb.loces.dev\/ni\/wp-json\/wp\/v2\/pages\/3043\/revisions"}],"predecessor-version":[{"id":3859,"href":"https:\/\/cqweb.loces.dev\/ni\/wp-json\/wp\/v2\/pages\/3043\/revisions\/3859"}],"wp:attachment":[{"href":"https:\/\/cqweb.loces.dev\/ni\/wp-json\/wp\/v2\/media?parent=3043"}],"curies":[{"name":"wp","href":"https:\/\/api.w.org\/{rel}","templated":true}]}}